{"id":11600,"date":"2023-09-06T13:04:05","date_gmt":"2023-09-06T10:04:05","guid":{"rendered":"https:\/\/ornandum.lv\/?post_type=product&#038;p=11600"},"modified":"2024-04-05T04:00:31","modified_gmt":"2024-04-05T01:00:31","slug":"newyork-kruze-balta-520ml","status":"publish","type":"product","link":"https:\/\/ornandum.lv\/en\/katalogs\/tableware-print\/mugs\/newyork-kruze-balta-520ml\/","title":{"rendered":"NewYork kr\u016bze balta, 520ml"},"content":{"rendered":"<p><strong>NewYork kr\u016bze balta, 520ml.<\/strong> \u00a0Kr\u016bzi ir iesp\u0113jams apdruk\u0101t no vienas vai ab\u0101m pus\u0113m, visapk\u0101rt, iek\u0161pus\u0113 un apak\u0161\u0101. Dekoldrukai uz kr\u016bzes nav laukuma ierobe\u017eojuma.<\/p>\n<p>K\u0101 pas\u016bt\u012bt? Izv\u0113lies kr\u016bzi, s\u016bti mums zi\u0146u ar kr\u016b\u017eu skaitu, pl\u0101noto kr\u0101su skaitu dizain\u0101 un m\u0113s sniegsim prec\u012bzu apdrukas cenu, dro\u0161i izmanto zem\u0101k eso\u0161o cenu kalkulatoru.<\/p>\n<p>Pre\u010du atlikumi noliktav\u0101 var main\u012bties, pre\u010du pieejamo atlikumu preciz\u0113sim pas\u016bt\u012bjuma br\u012bd\u012b. Visus katalog\u0101 redzamos traukus ir iesp\u0113jams pas\u016bt\u012bt liel\u0101kos daudzumos. \u00a0Apdrukas piem\u0113rus skatiet galerij\u0101 <a href=\"https:\/\/ornandum.lv\/apdrukas-darbi\/\">\u201cApdrukas darbi\u201d<\/a>\u00a0.<\/p>\n<p>Inform\u0101cija par kr\u016bz\u0113m ar logo: P\u0101rdom\u0101ta rekl\u0101mas kr\u016bze var veicin\u0101t z\u012bmola iedz\u012bvo\u0161anos J\u016bsu potenci\u0101l\u0101 klienta ikdien\u0101. Prezentrekl\u0101mas kr\u016bzei k\u013c\u016bstot par potenci\u0101l\u0101 vai eso\u0161\u0101 klienta ikdienas sast\u0101vda\u013cu J\u016bsu\u00a0 uz\u0146\u0113muma v\u0113st\u012bjums tiek nodots pla\u0161am klientu lokam. At\u0161\u0137ir\u012bb\u0101 no ska\u013c\u0101m rekl\u0101m\u0101m kr\u016bzes ar logo nav uzm\u0101c\u012bgas un jebkuram cilv\u0113kam pat\u012bk silts dz\u0113riens \u2013\u00a0 t\u0113ja, kafija vai iecien\u012btais kakao. Rekl\u0101mas kr\u016bze ir v\u0113rt\u012bba, kas mudina klientu uztic\u0113ties.<\/p>\n<p>Interesanta un kreat\u012bva kr\u016bzes apdruka un t\u0101s pasnieg\u0161anas veids var b\u016bt lielisks biznesa sarunu s\u0101kums. Kr\u016bze ar logo darbojas l\u012bdz\u012bgi k\u0101 viz\u012btkarte, jo tas ir veids k\u0101 potenci\u0101lie klienti atcer\u0113sies uz\u0146\u0113mumu. Kr\u016bze at\u0161\u0137\u012br\u012bb\u0101 no viz\u012btkartes nenon\u0101ks atvilktnes dzi\u013c\u0101kaj\u0101 st\u016br\u012b. Papildus kr\u016bzi ar J\u016bsu logo redz\u0113s ar\u012b citi potenci\u0101lie klienti.<\/p>\n<p>Izstr\u0101d\u0101jiet un padom\u0101jiet par simp\u0101tisku un pat\u012bkamu apdrukas dizainu, lai liela izm\u0113ra balta kr\u016bze ar apdruku ir t\u0101da, kuru cilv\u0113ki v\u0113las lietot ilgto\u0161i. Dizain\u0101 noteikti ir j\u0101ietver z\u012bmola v\u0113st\u012bjums, v\u0113rt\u012bbas, kr\u0101sas, pats logotips. P\u0113d\u0113j\u0101 laika aktualit\u0101te apdruk\u0101 ir izv\u0113l\u0113ties dizainu balstoties uz z\u012bmola v\u0113rt\u012bb\u0101m vai risin\u0101jumiem ko pats uz\u0146\u0113mums var sniegt klientam. Interesants risin\u0101jums ar\u012b ir veidot personaliz\u0113tas d\u0101vanas sadarb\u012bbas partneru visam birojam, kur d\u0101viniet sava uz\u0146\u0113muma kr\u016bzi ar logo un personaliz\u0113tu katra darbinieka v\u0101rdu. Kr\u016bzi var piemekl\u0113t atbilsto\u0161\u0101s uz\u0146\u0113muma logo kr\u0101s\u0101s. Pats uz\u0146\u0113muma logo var neb\u016bt tie\u0161i kr\u016bzes viduc\u012b, bet gan lakoniski mali\u0146\u0101 vai pat uz kr\u016bzes osi\u0146as vai iek\u0161pus\u0113. M\u0113s varam pal\u012bdz\u0113t ar idej\u0101m!<\/p>\n<p>Pa\u0161ai apdrukai ir j\u0101b\u016bt kvalitat\u012bvai un notur\u012bgai. Izv\u0113laties apdrukas ra\u017eot\u0101ju, kas garant\u0113 apdrukas notur\u012bbu. B\u016btu skumji d\u0101vin\u0101t klientam rekl\u0101mas priek\u0161metu ar p\u0101rdom\u0101tu v\u0113st\u012bjumu uz kvalitat\u012bva produkta ta\u010du pati apdruka nomazg\u0101tos nost jau p\u0101ris trauku ma\u0161\u012bn\u0101s mazg\u0101\u0161anos ciklos.<\/p>\n<p>&nbsp;<\/p>\n","protected":false},"excerpt":{"rendered":"<p><strong>NewYork kr\u016bze balta, 520ml.<\/strong> \u00a0Kr\u016bzi ir iesp\u0113jams apdruk\u0101t no vienas vai ab\u0101m pus\u0113m, visapk\u0101rt, iek\u0161pus\u0113 un apak\u0161\u0101. Dekoldrukai uz kr\u016bzes nav laukuma ierobe\u017eojuma.<\/p>\n<p>&nbsp;<\/p>\n","protected":false},"featured_media":11603,"comment_status":"open","ping_status":"closed","template":"","meta":{"_acf_changed":false},"product_brand":[],"product_cat":[265],"product_tag":[],"class_list":{"0":"post-11600","1":"product","2":"type-product","3":"status-publish","4":"has-post-thumbnail","6":"product_cat-mugs","7":"pa_materials-porcelain","8":"pa_tilpums-520ml-en","10":"first","11":"instock","12":"taxable","13":"shipping-taxable","14":"purchasable","15":"product-type-simple"},"acf":[],"yoast_head":"<!-- This site is optimized with the Yoast SEO plugin v25.2 - https:\/\/yoast.com\/wordpress\/plugins\/seo\/ -->\n<title>NewYork kr\u016bze balta, 520ml - Ornandum notur\u012bga kr\u016b\u017eu apdruka<\/title>\n<meta name=\"description\" content=\"Apdruk\u0101jam notur\u012bg\u0101k\u0101ja dekola tehnolo\u0123ij\u0101 kr\u016bzes ar uz\u0146\u0113muma logotipu, sauk\u013ciem. Apdruk\u0101tos traukus var mazg\u0101t trauku ma\u0161\u012bn\u0101.\" \/>\n<meta name=\"robots\" content=\"index, follow, max-snippet:-1, max-image-preview:large, max-video-preview:-1\" \/>\n<link rel=\"canonical\" href=\"https:\/\/ornandum.lv\/en\/katalogs\/tableware-print\/mugs\/newyork-kruze-balta-520ml\/\" \/>\n<meta property=\"og:locale\" content=\"en_US\" \/>\n<meta property=\"og:type\" content=\"article\" \/>\n<meta property=\"og:title\" content=\"NewYork kr\u016bze balta, 520ml - Ornandum notur\u012bga kr\u016b\u017eu apdruka\" \/>\n<meta property=\"og:description\" content=\"Apdruk\u0101jam notur\u012bg\u0101k\u0101ja dekola tehnolo\u0123ij\u0101 kr\u016bzes ar uz\u0146\u0113muma logotipu, sauk\u013ciem. Apdruk\u0101tos traukus var mazg\u0101t trauku ma\u0161\u012bn\u0101.\" \/>\n<meta property=\"og:url\" content=\"https:\/\/ornandum.lv\/en\/katalogs\/tableware-print\/mugs\/newyork-kruze-balta-520ml\/\" \/>\n<meta property=\"og:site_name\" content=\"Ornandum\" \/>\n<meta property=\"article:publisher\" content=\"https:\/\/www.facebook.com\/traukuapdruka\/\" \/>\n<meta property=\"article:modified_time\" content=\"2024-04-05T01:00:31+00:00\" \/>\n<meta property=\"og:image\" content=\"https:\/\/ornandum.lv\/wp-content\/uploads\/2023\/09\/NewYork.png\" \/>\n\t<meta property=\"og:image:width\" content=\"638\" \/>\n\t<meta property=\"og:image:height\" content=\"560\" \/>\n\t<meta property=\"og:image:type\" content=\"image\/png\" \/>\n<meta name=\"twitter:card\" content=\"summary_large_image\" \/>\n<meta name=\"twitter:label1\" content=\"Est. reading time\" \/>\n\t<meta name=\"twitter:data1\" content=\"2 minutes\" \/>\n<script type=\"application\/ld+json\" class=\"yoast-schema-graph\">{\"@context\":\"https:\/\/schema.org\",\"@graph\":[{\"@type\":\"WebPage\",\"@id\":\"https:\/\/ornandum.lv\/en\/katalogs\/tableware-print\/mugs\/newyork-kruze-balta-520ml\/\",\"url\":\"https:\/\/ornandum.lv\/en\/katalogs\/tableware-print\/mugs\/newyork-kruze-balta-520ml\/\",\"name\":\"NewYork kr\u016bze balta, 520ml - Ornandum notur\u012bga kr\u016b\u017eu apdruka\",\"isPartOf\":{\"@id\":\"https:\/\/ornandum.lv\/en\/#website\"},\"primaryImageOfPage\":{\"@id\":\"https:\/\/ornandum.lv\/en\/katalogs\/tableware-print\/mugs\/newyork-kruze-balta-520ml\/#primaryimage\"},\"image\":{\"@id\":\"https:\/\/ornandum.lv\/en\/katalogs\/tableware-print\/mugs\/newyork-kruze-balta-520ml\/#primaryimage\"},\"thumbnailUrl\":\"https:\/\/ornandum.lv\/wp-content\/uploads\/2023\/09\/NewYork.png\",\"datePublished\":\"2023-09-06T10:04:05+00:00\",\"dateModified\":\"2024-04-05T01:00:31+00:00\",\"description\":\"Apdruk\u0101jam notur\u012bg\u0101k\u0101ja dekola tehnolo\u0123ij\u0101 kr\u016bzes ar uz\u0146\u0113muma logotipu, sauk\u013ciem. Apdruk\u0101tos traukus var mazg\u0101t trauku ma\u0161\u012bn\u0101.\",\"breadcrumb\":{\"@id\":\"https:\/\/ornandum.lv\/en\/katalogs\/tableware-print\/mugs\/newyork-kruze-balta-520ml\/#breadcrumb\"},\"inLanguage\":\"en-US\",\"potentialAction\":[{\"@type\":\"ReadAction\",\"target\":[\"https:\/\/ornandum.lv\/en\/katalogs\/tableware-print\/mugs\/newyork-kruze-balta-520ml\/\"]}]},{\"@type\":\"ImageObject\",\"inLanguage\":\"en-US\",\"@id\":\"https:\/\/ornandum.lv\/en\/katalogs\/tableware-print\/mugs\/newyork-kruze-balta-520ml\/#primaryimage\",\"url\":\"https:\/\/ornandum.lv\/wp-content\/uploads\/2023\/09\/NewYork.png\",\"contentUrl\":\"https:\/\/ornandum.lv\/wp-content\/uploads\/2023\/09\/NewYork.png\",\"width\":638,\"height\":560},{\"@type\":\"BreadcrumbList\",\"@id\":\"https:\/\/ornandum.lv\/en\/katalogs\/tableware-print\/mugs\/newyork-kruze-balta-520ml\/#breadcrumb\",\"itemListElement\":[{\"@type\":\"ListItem\",\"position\":1,\"name\":\"Home\",\"item\":\"https:\/\/ornandum.lv\/en\/\"},{\"@type\":\"ListItem\",\"position\":2,\"name\":\"Shop\",\"item\":\"https:\/\/ornandum.lv\/en\/shop\/\"},{\"@type\":\"ListItem\",\"position\":3,\"name\":\"NewYork kr\u016bze balta, 520ml\"}]},{\"@type\":\"WebSite\",\"@id\":\"https:\/\/ornandum.lv\/en\/#website\",\"url\":\"https:\/\/ornandum.lv\/en\/\",\"name\":\"Ornandum\",\"description\":\"Trauku apdruka un prezentrekl\u0101ma\",\"publisher\":{\"@id\":\"https:\/\/ornandum.lv\/en\/#organization\"},\"potentialAction\":[{\"@type\":\"SearchAction\",\"target\":{\"@type\":\"EntryPoint\",\"urlTemplate\":\"https:\/\/ornandum.lv\/en\/?s={search_term_string}\"},\"query-input\":{\"@type\":\"PropertyValueSpecification\",\"valueRequired\":true,\"valueName\":\"search_term_string\"}}],\"inLanguage\":\"en-US\"},{\"@type\":\"Organization\",\"@id\":\"https:\/\/ornandum.lv\/en\/#organization\",\"name\":\"Dekolserviss Ltd\",\"url\":\"https:\/\/ornandum.lv\/en\/\",\"logo\":{\"@type\":\"ImageObject\",\"inLanguage\":\"en-US\",\"@id\":\"https:\/\/ornandum.lv\/en\/#\/schema\/logo\/image\/\",\"url\":\"https:\/\/ornandum.lv\/wp-content\/uploads\/2019\/11\/cropped-Header_logo.png\",\"contentUrl\":\"https:\/\/ornandum.lv\/wp-content\/uploads\/2019\/11\/cropped-Header_logo.png\",\"width\":221,\"height\":70,\"caption\":\"Dekolserviss Ltd\"},\"image\":{\"@id\":\"https:\/\/ornandum.lv\/en\/#\/schema\/logo\/image\/\"},\"sameAs\":[\"https:\/\/www.facebook.com\/traukuapdruka\/\",\"https:\/\/www.instagram.com\/ornandum_tablewareprint\/?hl=en\"]}]}<\/script>\n<!-- \/ Yoast SEO plugin. -->","yoast_head_json":{"title":"NewYork kr\u016bze balta, 520ml - Ornandum notur\u012bga kr\u016b\u017eu apdruka","description":"Apdruk\u0101jam notur\u012bg\u0101k\u0101ja dekola tehnolo\u0123ij\u0101 kr\u016bzes ar uz\u0146\u0113muma logotipu, sauk\u013ciem. Apdruk\u0101tos traukus var mazg\u0101t trauku ma\u0161\u012bn\u0101.","robots":{"index":"index","follow":"follow","max-snippet":"max-snippet:-1","max-image-preview":"max-image-preview:large","max-video-preview":"max-video-preview:-1"},"canonical":"https:\/\/ornandum.lv\/en\/katalogs\/tableware-print\/mugs\/newyork-kruze-balta-520ml\/","og_locale":"en_US","og_type":"article","og_title":"NewYork kr\u016bze balta, 520ml - Ornandum notur\u012bga kr\u016b\u017eu apdruka","og_description":"Apdruk\u0101jam notur\u012bg\u0101k\u0101ja dekola tehnolo\u0123ij\u0101 kr\u016bzes ar uz\u0146\u0113muma logotipu, sauk\u013ciem. Apdruk\u0101tos traukus var mazg\u0101t trauku ma\u0161\u012bn\u0101.","og_url":"https:\/\/ornandum.lv\/en\/katalogs\/tableware-print\/mugs\/newyork-kruze-balta-520ml\/","og_site_name":"Ornandum","article_publisher":"https:\/\/www.facebook.com\/traukuapdruka\/","article_modified_time":"2024-04-05T01:00:31+00:00","og_image":[{"width":638,"height":560,"url":"https:\/\/ornandum.lv\/wp-content\/uploads\/2023\/09\/NewYork.png","type":"image\/png"}],"twitter_card":"summary_large_image","twitter_misc":{"Est. reading time":"2 minutes"},"schema":{"@context":"https:\/\/schema.org","@graph":[{"@type":"WebPage","@id":"https:\/\/ornandum.lv\/en\/katalogs\/tableware-print\/mugs\/newyork-kruze-balta-520ml\/","url":"https:\/\/ornandum.lv\/en\/katalogs\/tableware-print\/mugs\/newyork-kruze-balta-520ml\/","name":"NewYork kr\u016bze balta, 520ml - Ornandum notur\u012bga kr\u016b\u017eu apdruka","isPartOf":{"@id":"https:\/\/ornandum.lv\/en\/#website"},"primaryImageOfPage":{"@id":"https:\/\/ornandum.lv\/en\/katalogs\/tableware-print\/mugs\/newyork-kruze-balta-520ml\/#primaryimage"},"image":{"@id":"https:\/\/ornandum.lv\/en\/katalogs\/tableware-print\/mugs\/newyork-kruze-balta-520ml\/#primaryimage"},"thumbnailUrl":"https:\/\/ornandum.lv\/wp-content\/uploads\/2023\/09\/NewYork.png","datePublished":"2023-09-06T10:04:05+00:00","dateModified":"2024-04-05T01:00:31+00:00","description":"Apdruk\u0101jam notur\u012bg\u0101k\u0101ja dekola tehnolo\u0123ij\u0101 kr\u016bzes ar uz\u0146\u0113muma logotipu, sauk\u013ciem. Apdruk\u0101tos traukus var mazg\u0101t trauku ma\u0161\u012bn\u0101.","breadcrumb":{"@id":"https:\/\/ornandum.lv\/en\/katalogs\/tableware-print\/mugs\/newyork-kruze-balta-520ml\/#breadcrumb"},"inLanguage":"en-US","potentialAction":[{"@type":"ReadAction","target":["https:\/\/ornandum.lv\/en\/katalogs\/tableware-print\/mugs\/newyork-kruze-balta-520ml\/"]}]},{"@type":"ImageObject","inLanguage":"en-US","@id":"https:\/\/ornandum.lv\/en\/katalogs\/tableware-print\/mugs\/newyork-kruze-balta-520ml\/#primaryimage","url":"https:\/\/ornandum.lv\/wp-content\/uploads\/2023\/09\/NewYork.png","contentUrl":"https:\/\/ornandum.lv\/wp-content\/uploads\/2023\/09\/NewYork.png","width":638,"height":560},{"@type":"BreadcrumbList","@id":"https:\/\/ornandum.lv\/en\/katalogs\/tableware-print\/mugs\/newyork-kruze-balta-520ml\/#breadcrumb","itemListElement":[{"@type":"ListItem","position":1,"name":"Home","item":"https:\/\/ornandum.lv\/en\/"},{"@type":"ListItem","position":2,"name":"Shop","item":"https:\/\/ornandum.lv\/en\/shop\/"},{"@type":"ListItem","position":3,"name":"NewYork kr\u016bze balta, 520ml"}]},{"@type":"WebSite","@id":"https:\/\/ornandum.lv\/en\/#website","url":"https:\/\/ornandum.lv\/en\/","name":"Ornandum","description":"Trauku apdruka un prezentrekl\u0101ma","publisher":{"@id":"https:\/\/ornandum.lv\/en\/#organization"},"potentialAction":[{"@type":"SearchAction","target":{"@type":"EntryPoint","urlTemplate":"https:\/\/ornandum.lv\/en\/?s={search_term_string}"},"query-input":{"@type":"PropertyValueSpecification","valueRequired":true,"valueName":"search_term_string"}}],"inLanguage":"en-US"},{"@type":"Organization","@id":"https:\/\/ornandum.lv\/en\/#organization","name":"Dekolserviss Ltd","url":"https:\/\/ornandum.lv\/en\/","logo":{"@type":"ImageObject","inLanguage":"en-US","@id":"https:\/\/ornandum.lv\/en\/#\/schema\/logo\/image\/","url":"https:\/\/ornandum.lv\/wp-content\/uploads\/2019\/11\/cropped-Header_logo.png","contentUrl":"https:\/\/ornandum.lv\/wp-content\/uploads\/2019\/11\/cropped-Header_logo.png","width":221,"height":70,"caption":"Dekolserviss Ltd"},"image":{"@id":"https:\/\/ornandum.lv\/en\/#\/schema\/logo\/image\/"},"sameAs":["https:\/\/www.facebook.com\/traukuapdruka\/","https:\/\/www.instagram.com\/ornandum_tablewareprint\/?hl=en"]}]}},"_links":{"self":[{"href":"https:\/\/ornandum.lv\/en\/wp-json\/wp\/v2\/product\/11600","targetHints":{"allow":["GET"]}}],"collection":[{"href":"https:\/\/ornandum.lv\/en\/wp-json\/wp\/v2\/product"}],"about":[{"href":"https:\/\/ornandum.lv\/en\/wp-json\/wp\/v2\/types\/product"}],"replies":[{"embeddable":true,"href":"https:\/\/ornandum.lv\/en\/wp-json\/wp\/v2\/comments?post=11600"}],"wp:featuredmedia":[{"embeddable":true,"href":"https:\/\/ornandum.lv\/en\/wp-json\/wp\/v2\/media\/11603"}],"wp:attachment":[{"href":"https:\/\/ornandum.lv\/en\/wp-json\/wp\/v2\/media?parent=11600"}],"wp:term":[{"taxonomy":"product_brand","embeddable":true,"href":"https:\/\/ornandum.lv\/en\/wp-json\/wp\/v2\/product_brand?post=11600"},{"taxonomy":"product_cat","embeddable":true,"href":"https:\/\/ornandum.lv\/en\/wp-json\/wp\/v2\/product_cat?post=11600"},{"taxonomy":"product_tag","embeddable":true,"href":"https:\/\/ornandum.lv\/en\/wp-json\/wp\/v2\/product_tag?post=11600"}],"curies":[{"name":"wp","href":"https:\/\/api.w.org\/{rel}","templated":true}]}}