{"id":3156,"date":"2020-02-26T18:54:18","date_gmt":"2020-02-26T16:54:18","guid":{"rendered":"https:\/\/ornandum.lv\/katalogs\/uncategorized\/malles-alus-kauss-660ml\/"},"modified":"2020-04-24T12:16:27","modified_gmt":"2020-04-24T09:16:27","slug":"malles-beer-mug-660ml","status":"publish","type":"product","link":"https:\/\/ornandum.lv\/en\/katalogs\/tableware-print\/beer-mugs\/malles-beer-mug-660ml\/","title":{"rendered":"Malles beer mug, 660ml"},"content":{"rendered":"","protected":false},"excerpt":{"rendered":"<p>Alus kauss ir piem\u0113rots apdrukai. Apdruk\u0101jam notur\u012bgaj\u0101 dekoldruk\u0101. Apdruk\u0101tos traukus var\u0113s mazg\u0101t trauku ma\u0161\u012bn\u0101, tiem b\u016bs notur\u012bba pret meh\u0101niskiem skr\u0101p\u0113jumiem. Apdruka ir sader\u012bga lieto\u0161anai ar p\u0101rtiku. Apdrukai nav laukuma ierobe\u017eojuma &#8211; trauku var apdruk\u0101t no ab\u0101m pus\u0113m, visapk\u0101rt, apak\u0161\u0101 un uz osas. Par alus gl\u0101\u017eu apdruku<a href=\"https:\/\/ornandum.lv\/alus-glazu-apdruka\/\" target=\"_blank\" rel=\"noopener noreferrer\"> lasi \u0161eit.<\/a><\/p>\n","protected":false},"featured_media":2806,"comment_status":"closed","ping_status":"closed","template":"","meta":{"_acf_changed":false},"product_brand":[],"product_cat":[253],"product_tag":[],"class_list":{"0":"post-3156","1":"product","2":"type-product","3":"status-publish","4":"has-post-thumbnail","6":"product_cat-beer-mugs","7":"pa_materials-glass-en","8":"pa_tilpums-660ml-en","10":"first","11":"instock","12":"taxable","13":"shipping-taxable","14":"purchasable","15":"product-type-simple"},"acf":[],"yoast_head":"<!-- This site is optimized with the Yoast SEO plugin v25.2 - https:\/\/yoast.com\/wordpress\/plugins\/seo\/ -->\n<title>Malles beer mug, 660ml - Ornandum -Trauku Apdruka<\/title>\n<meta name=\"description\" content=\"Kvalitat\u012bva un ilgnotur\u012bga trauku apdrukas ra\u017eo\u0161ana uz\u0146\u0113mumiem par ra\u017eot\u0101ja cen\u0101m. Prezentrekl\u0101mas kr\u016bzes, gl\u0101zes, \u016bdens pudeles ar logo, biznesa d\u0101vanas.\" \/>\n<meta name=\"robots\" content=\"index, follow, max-snippet:-1, max-image-preview:large, max-video-preview:-1\" \/>\n<link rel=\"canonical\" href=\"https:\/\/ornandum.lv\/en\/katalogs\/tableware-print\/beer-mugs\/malles-beer-mug-660ml\/\" \/>\n<meta property=\"og:locale\" content=\"en_US\" \/>\n<meta property=\"og:type\" content=\"article\" \/>\n<meta property=\"og:title\" content=\"Malles beer mug, 660ml - Ornandum -Trauku Apdruka\" \/>\n<meta property=\"og:description\" content=\"Kvalitat\u012bva un ilgnotur\u012bga trauku apdrukas ra\u017eo\u0161ana uz\u0146\u0113mumiem par ra\u017eot\u0101ja cen\u0101m. Prezentrekl\u0101mas kr\u016bzes, gl\u0101zes, \u016bdens pudeles ar logo, biznesa d\u0101vanas.\" \/>\n<meta property=\"og:url\" content=\"https:\/\/ornandum.lv\/en\/katalogs\/tableware-print\/beer-mugs\/malles-beer-mug-660ml\/\" \/>\n<meta property=\"og:site_name\" content=\"Ornandum\" \/>\n<meta property=\"article:publisher\" content=\"https:\/\/www.facebook.com\/traukuapdruka\/\" \/>\n<meta property=\"article:modified_time\" content=\"2020-04-24T09:16:27+00:00\" \/>\n<meta property=\"og:image\" content=\"https:\/\/ornandum.lv\/wp-content\/uploads\/2020\/02\/ornandum-traukuapdruka-katalogs-alus-kausi-MALLES-660ml-e1635765272438.jpg\" \/>\n\t<meta property=\"og:image:width\" content=\"1335\" \/>\n\t<meta property=\"og:image:height\" content=\"1335\" \/>\n\t<meta property=\"og:image:type\" content=\"image\/jpeg\" \/>\n<meta name=\"twitter:card\" content=\"summary_large_image\" \/>\n<script type=\"application\/ld+json\" class=\"yoast-schema-graph\">{\"@context\":\"https:\/\/schema.org\",\"@graph\":[{\"@type\":\"WebPage\",\"@id\":\"https:\/\/ornandum.lv\/en\/katalogs\/tableware-print\/beer-mugs\/malles-beer-mug-660ml\/\",\"url\":\"https:\/\/ornandum.lv\/en\/katalogs\/tableware-print\/beer-mugs\/malles-beer-mug-660ml\/\",\"name\":\"Malles beer mug, 660ml - Ornandum -Trauku Apdruka\",\"isPartOf\":{\"@id\":\"https:\/\/ornandum.lv\/en\/#website\"},\"primaryImageOfPage\":{\"@id\":\"https:\/\/ornandum.lv\/en\/katalogs\/tableware-print\/beer-mugs\/malles-beer-mug-660ml\/#primaryimage\"},\"image\":{\"@id\":\"https:\/\/ornandum.lv\/en\/katalogs\/tableware-print\/beer-mugs\/malles-beer-mug-660ml\/#primaryimage\"},\"thumbnailUrl\":\"https:\/\/ornandum.lv\/wp-content\/uploads\/2020\/02\/ornandum-traukuapdruka-katalogs-alus-kausi-MALLES-660ml-e1635765272438.jpg\",\"datePublished\":\"2020-02-26T16:54:18+00:00\",\"dateModified\":\"2020-04-24T09:16:27+00:00\",\"description\":\"Kvalitat\u012bva un ilgnotur\u012bga trauku apdrukas ra\u017eo\u0161ana uz\u0146\u0113mumiem par ra\u017eot\u0101ja cen\u0101m. Prezentrekl\u0101mas kr\u016bzes, gl\u0101zes, \u016bdens pudeles ar logo, biznesa d\u0101vanas.\",\"breadcrumb\":{\"@id\":\"https:\/\/ornandum.lv\/en\/katalogs\/tableware-print\/beer-mugs\/malles-beer-mug-660ml\/#breadcrumb\"},\"inLanguage\":\"en-US\",\"potentialAction\":[{\"@type\":\"ReadAction\",\"target\":[\"https:\/\/ornandum.lv\/en\/katalogs\/tableware-print\/beer-mugs\/malles-beer-mug-660ml\/\"]}]},{\"@type\":\"ImageObject\",\"inLanguage\":\"en-US\",\"@id\":\"https:\/\/ornandum.lv\/en\/katalogs\/tableware-print\/beer-mugs\/malles-beer-mug-660ml\/#primaryimage\",\"url\":\"https:\/\/ornandum.lv\/wp-content\/uploads\/2020\/02\/ornandum-traukuapdruka-katalogs-alus-kausi-MALLES-660ml-e1635765272438.jpg\",\"contentUrl\":\"https:\/\/ornandum.lv\/wp-content\/uploads\/2020\/02\/ornandum-traukuapdruka-katalogs-alus-kausi-MALLES-660ml-e1635765272438.jpg\",\"width\":1335,\"height\":1335,\"caption\":\"ornandum-traukuapdruka-katalogs-alus-kausi-MALLES-660ml\"},{\"@type\":\"BreadcrumbList\",\"@id\":\"https:\/\/ornandum.lv\/en\/katalogs\/tableware-print\/beer-mugs\/malles-beer-mug-660ml\/#breadcrumb\",\"itemListElement\":[{\"@type\":\"ListItem\",\"position\":1,\"name\":\"Home\",\"item\":\"https:\/\/ornandum.lv\/en\/\"},{\"@type\":\"ListItem\",\"position\":2,\"name\":\"Shop\",\"item\":\"https:\/\/ornandum.lv\/en\/shop\/\"},{\"@type\":\"ListItem\",\"position\":3,\"name\":\"Malles beer mug, 660ml\"}]},{\"@type\":\"WebSite\",\"@id\":\"https:\/\/ornandum.lv\/en\/#website\",\"url\":\"https:\/\/ornandum.lv\/en\/\",\"name\":\"Ornandum\",\"description\":\"Trauku apdruka un prezentrekl\u0101ma\",\"publisher\":{\"@id\":\"https:\/\/ornandum.lv\/en\/#organization\"},\"potentialAction\":[{\"@type\":\"SearchAction\",\"target\":{\"@type\":\"EntryPoint\",\"urlTemplate\":\"https:\/\/ornandum.lv\/en\/?s={search_term_string}\"},\"query-input\":{\"@type\":\"PropertyValueSpecification\",\"valueRequired\":true,\"valueName\":\"search_term_string\"}}],\"inLanguage\":\"en-US\"},{\"@type\":\"Organization\",\"@id\":\"https:\/\/ornandum.lv\/en\/#organization\",\"name\":\"Dekolserviss Ltd\",\"url\":\"https:\/\/ornandum.lv\/en\/\",\"logo\":{\"@type\":\"ImageObject\",\"inLanguage\":\"en-US\",\"@id\":\"https:\/\/ornandum.lv\/en\/#\/schema\/logo\/image\/\",\"url\":\"https:\/\/ornandum.lv\/wp-content\/uploads\/2019\/11\/cropped-Header_logo.png\",\"contentUrl\":\"https:\/\/ornandum.lv\/wp-content\/uploads\/2019\/11\/cropped-Header_logo.png\",\"width\":221,\"height\":70,\"caption\":\"Dekolserviss Ltd\"},\"image\":{\"@id\":\"https:\/\/ornandum.lv\/en\/#\/schema\/logo\/image\/\"},\"sameAs\":[\"https:\/\/www.facebook.com\/traukuapdruka\/\",\"https:\/\/www.instagram.com\/ornandum_tablewareprint\/?hl=en\"]}]}<\/script>\n<!-- \/ Yoast SEO plugin. -->","yoast_head_json":{"title":"Malles beer mug, 660ml - Ornandum -Trauku Apdruka","description":"Kvalitat\u012bva un ilgnotur\u012bga trauku apdrukas ra\u017eo\u0161ana uz\u0146\u0113mumiem par ra\u017eot\u0101ja cen\u0101m. Prezentrekl\u0101mas kr\u016bzes, gl\u0101zes, \u016bdens pudeles ar logo, biznesa d\u0101vanas.","robots":{"index":"index","follow":"follow","max-snippet":"max-snippet:-1","max-image-preview":"max-image-preview:large","max-video-preview":"max-video-preview:-1"},"canonical":"https:\/\/ornandum.lv\/en\/katalogs\/tableware-print\/beer-mugs\/malles-beer-mug-660ml\/","og_locale":"en_US","og_type":"article","og_title":"Malles beer mug, 660ml - Ornandum -Trauku Apdruka","og_description":"Kvalitat\u012bva un ilgnotur\u012bga trauku apdrukas ra\u017eo\u0161ana uz\u0146\u0113mumiem par ra\u017eot\u0101ja cen\u0101m. Prezentrekl\u0101mas kr\u016bzes, gl\u0101zes, \u016bdens pudeles ar logo, biznesa d\u0101vanas.","og_url":"https:\/\/ornandum.lv\/en\/katalogs\/tableware-print\/beer-mugs\/malles-beer-mug-660ml\/","og_site_name":"Ornandum","article_publisher":"https:\/\/www.facebook.com\/traukuapdruka\/","article_modified_time":"2020-04-24T09:16:27+00:00","og_image":[{"width":1335,"height":1335,"url":"https:\/\/ornandum.lv\/wp-content\/uploads\/2020\/02\/ornandum-traukuapdruka-katalogs-alus-kausi-MALLES-660ml-e1635765272438.jpg","type":"image\/jpeg"}],"twitter_card":"summary_large_image","schema":{"@context":"https:\/\/schema.org","@graph":[{"@type":"WebPage","@id":"https:\/\/ornandum.lv\/en\/katalogs\/tableware-print\/beer-mugs\/malles-beer-mug-660ml\/","url":"https:\/\/ornandum.lv\/en\/katalogs\/tableware-print\/beer-mugs\/malles-beer-mug-660ml\/","name":"Malles beer mug, 660ml - Ornandum -Trauku Apdruka","isPartOf":{"@id":"https:\/\/ornandum.lv\/en\/#website"},"primaryImageOfPage":{"@id":"https:\/\/ornandum.lv\/en\/katalogs\/tableware-print\/beer-mugs\/malles-beer-mug-660ml\/#primaryimage"},"image":{"@id":"https:\/\/ornandum.lv\/en\/katalogs\/tableware-print\/beer-mugs\/malles-beer-mug-660ml\/#primaryimage"},"thumbnailUrl":"https:\/\/ornandum.lv\/wp-content\/uploads\/2020\/02\/ornandum-traukuapdruka-katalogs-alus-kausi-MALLES-660ml-e1635765272438.jpg","datePublished":"2020-02-26T16:54:18+00:00","dateModified":"2020-04-24T09:16:27+00:00","description":"Kvalitat\u012bva un ilgnotur\u012bga trauku apdrukas ra\u017eo\u0161ana uz\u0146\u0113mumiem par ra\u017eot\u0101ja cen\u0101m. Prezentrekl\u0101mas kr\u016bzes, gl\u0101zes, \u016bdens pudeles ar logo, biznesa d\u0101vanas.","breadcrumb":{"@id":"https:\/\/ornandum.lv\/en\/katalogs\/tableware-print\/beer-mugs\/malles-beer-mug-660ml\/#breadcrumb"},"inLanguage":"en-US","potentialAction":[{"@type":"ReadAction","target":["https:\/\/ornandum.lv\/en\/katalogs\/tableware-print\/beer-mugs\/malles-beer-mug-660ml\/"]}]},{"@type":"ImageObject","inLanguage":"en-US","@id":"https:\/\/ornandum.lv\/en\/katalogs\/tableware-print\/beer-mugs\/malles-beer-mug-660ml\/#primaryimage","url":"https:\/\/ornandum.lv\/wp-content\/uploads\/2020\/02\/ornandum-traukuapdruka-katalogs-alus-kausi-MALLES-660ml-e1635765272438.jpg","contentUrl":"https:\/\/ornandum.lv\/wp-content\/uploads\/2020\/02\/ornandum-traukuapdruka-katalogs-alus-kausi-MALLES-660ml-e1635765272438.jpg","width":1335,"height":1335,"caption":"ornandum-traukuapdruka-katalogs-alus-kausi-MALLES-660ml"},{"@type":"BreadcrumbList","@id":"https:\/\/ornandum.lv\/en\/katalogs\/tableware-print\/beer-mugs\/malles-beer-mug-660ml\/#breadcrumb","itemListElement":[{"@type":"ListItem","position":1,"name":"Home","item":"https:\/\/ornandum.lv\/en\/"},{"@type":"ListItem","position":2,"name":"Shop","item":"https:\/\/ornandum.lv\/en\/shop\/"},{"@type":"ListItem","position":3,"name":"Malles beer mug, 660ml"}]},{"@type":"WebSite","@id":"https:\/\/ornandum.lv\/en\/#website","url":"https:\/\/ornandum.lv\/en\/","name":"Ornandum","description":"Trauku apdruka un prezentrekl\u0101ma","publisher":{"@id":"https:\/\/ornandum.lv\/en\/#organization"},"potentialAction":[{"@type":"SearchAction","target":{"@type":"EntryPoint","urlTemplate":"https:\/\/ornandum.lv\/en\/?s={search_term_string}"},"query-input":{"@type":"PropertyValueSpecification","valueRequired":true,"valueName":"search_term_string"}}],"inLanguage":"en-US"},{"@type":"Organization","@id":"https:\/\/ornandum.lv\/en\/#organization","name":"Dekolserviss Ltd","url":"https:\/\/ornandum.lv\/en\/","logo":{"@type":"ImageObject","inLanguage":"en-US","@id":"https:\/\/ornandum.lv\/en\/#\/schema\/logo\/image\/","url":"https:\/\/ornandum.lv\/wp-content\/uploads\/2019\/11\/cropped-Header_logo.png","contentUrl":"https:\/\/ornandum.lv\/wp-content\/uploads\/2019\/11\/cropped-Header_logo.png","width":221,"height":70,"caption":"Dekolserviss Ltd"},"image":{"@id":"https:\/\/ornandum.lv\/en\/#\/schema\/logo\/image\/"},"sameAs":["https:\/\/www.facebook.com\/traukuapdruka\/","https:\/\/www.instagram.com\/ornandum_tablewareprint\/?hl=en"]}]}},"_links":{"self":[{"href":"https:\/\/ornandum.lv\/en\/wp-json\/wp\/v2\/product\/3156","targetHints":{"allow":["GET"]}}],"collection":[{"href":"https:\/\/ornandum.lv\/en\/wp-json\/wp\/v2\/product"}],"about":[{"href":"https:\/\/ornandum.lv\/en\/wp-json\/wp\/v2\/types\/product"}],"replies":[{"embeddable":true,"href":"https:\/\/ornandum.lv\/en\/wp-json\/wp\/v2\/comments?post=3156"}],"wp:featuredmedia":[{"embeddable":true,"href":"https:\/\/ornandum.lv\/en\/wp-json\/wp\/v2\/media\/2806"}],"wp:attachment":[{"href":"https:\/\/ornandum.lv\/en\/wp-json\/wp\/v2\/media?parent=3156"}],"wp:term":[{"taxonomy":"product_brand","embeddable":true,"href":"https:\/\/ornandum.lv\/en\/wp-json\/wp\/v2\/product_brand?post=3156"},{"taxonomy":"product_cat","embeddable":true,"href":"https:\/\/ornandum.lv\/en\/wp-json\/wp\/v2\/product_cat?post=3156"},{"taxonomy":"product_tag","embeddable":true,"href":"https:\/\/ornandum.lv\/en\/wp-json\/wp\/v2\/product_tag?post=3156"}],"curies":[{"name":"wp","href":"https:\/\/api.w.org\/{rel}","templated":true}]}}