{"id":3238,"date":"2020-02-26T18:51:46","date_gmt":"2020-02-26T16:51:46","guid":{"rendered":"https:\/\/ornandum.lv\/katalogs\/uncategorized\/baviera-alus-kauss-670ml\/"},"modified":"2020-04-24T12:16:56","modified_gmt":"2020-04-24T09:16:56","slug":"baviera-beer-mug-670ml","status":"publish","type":"product","link":"https:\/\/ornandum.lv\/en\/katalogs\/tableware-print\/beer-mugs\/baviera-beer-mug-670ml\/","title":{"rendered":"Baviera beer mug, 670ml"},"content":{"rendered":"","protected":false},"excerpt":{"rendered":"<p>Alus kauss ir piem\u0113rots apdrukai. Apdruk\u0101jam notur\u012bgaj\u0101 dekoldruk\u0101. Apdruk\u0101tos traukus var\u0113s mazg\u0101t trauku ma\u0161\u012bn\u0101, tiem b\u016bs notur\u012bba pret meh\u0101niskiem skr\u0101p\u0113jumiem. Apdruka ir sader\u012bga lieto\u0161anai ar p\u0101rtiku. Apdrukai nav laukuma ierobe\u017eojuma \u2013 trauku var apdruk\u0101t no ab\u0101m pus\u0113m, visapk\u0101rt, apak\u0161\u0101 un uz osas. Par alus gl\u0101\u017eu apdruku<a href=\"https:\/\/ornandum.lv\/alus-glazu-apdruka\/\" target=\"_blank\" rel=\"noopener noreferrer\"> lasi \u0161eit.<\/a><\/p>\n","protected":false},"featured_media":2800,"comment_status":"closed","ping_status":"closed","template":"","meta":{"_acf_changed":false},"product_brand":[],"product_cat":[253],"product_tag":[],"class_list":{"0":"post-3238","1":"product","2":"type-product","3":"status-publish","4":"has-post-thumbnail","6":"product_cat-beer-mugs","7":"pa_materials-glass-en","8":"pa_tilpums-670ml-en","10":"first","11":"onbackorder","12":"taxable","13":"shipping-taxable","14":"purchasable","15":"product-type-simple"},"acf":[],"yoast_head":"<!-- This site is optimized with the Yoast SEO plugin v25.2 - https:\/\/yoast.com\/wordpress\/plugins\/seo\/ -->\n<title>Baviera beer mug, 670ml - Ornandum -Trauku Apdruka<\/title>\n<meta name=\"description\" content=\"Alus kausu un gl\u0101\u017eu notur\u012bga apdruka, notur\u012bg\u0101 dekoldruka, traukus var\u0113s mazg\u0101t trauku ma\u0161\u012bn\u0101. Pla\u0161a alus kausu izv\u0113le.\" \/>\n<meta name=\"robots\" content=\"index, follow, max-snippet:-1, max-image-preview:large, max-video-preview:-1\" \/>\n<link rel=\"canonical\" href=\"https:\/\/ornandum.lv\/en\/katalogs\/tableware-print\/beer-mugs\/baviera-beer-mug-670ml\/\" \/>\n<meta property=\"og:locale\" content=\"en_US\" \/>\n<meta property=\"og:type\" content=\"article\" \/>\n<meta property=\"og:title\" content=\"Baviera beer mug, 670ml - Ornandum -Trauku Apdruka\" \/>\n<meta property=\"og:description\" content=\"Alus kausu un gl\u0101\u017eu notur\u012bga apdruka, notur\u012bg\u0101 dekoldruka, traukus var\u0113s mazg\u0101t trauku ma\u0161\u012bn\u0101. Pla\u0161a alus kausu izv\u0113le.\" \/>\n<meta property=\"og:url\" content=\"https:\/\/ornandum.lv\/en\/katalogs\/tableware-print\/beer-mugs\/baviera-beer-mug-670ml\/\" \/>\n<meta property=\"og:site_name\" content=\"Ornandum\" \/>\n<meta property=\"article:publisher\" content=\"https:\/\/www.facebook.com\/traukuapdruka\/\" \/>\n<meta property=\"article:modified_time\" content=\"2020-04-24T09:16:56+00:00\" \/>\n<meta property=\"og:image\" content=\"https:\/\/ornandum.lv\/wp-content\/uploads\/2020\/02\/ornandum-traukuapdruka-katalogs-alus-kausi-BAVIERA-670ml.jpg\" \/>\n\t<meta property=\"og:image:width\" content=\"375\" \/>\n\t<meta property=\"og:image:height\" content=\"375\" \/>\n\t<meta property=\"og:image:type\" content=\"image\/jpeg\" \/>\n<meta name=\"twitter:card\" content=\"summary_large_image\" \/>\n<script type=\"application\/ld+json\" class=\"yoast-schema-graph\">{\"@context\":\"https:\/\/schema.org\",\"@graph\":[{\"@type\":\"WebPage\",\"@id\":\"https:\/\/ornandum.lv\/en\/katalogs\/tableware-print\/beer-mugs\/baviera-beer-mug-670ml\/\",\"url\":\"https:\/\/ornandum.lv\/en\/katalogs\/tableware-print\/beer-mugs\/baviera-beer-mug-670ml\/\",\"name\":\"Baviera beer mug, 670ml - Ornandum -Trauku Apdruka\",\"isPartOf\":{\"@id\":\"https:\/\/ornandum.lv\/en\/#website\"},\"primaryImageOfPage\":{\"@id\":\"https:\/\/ornandum.lv\/en\/katalogs\/tableware-print\/beer-mugs\/baviera-beer-mug-670ml\/#primaryimage\"},\"image\":{\"@id\":\"https:\/\/ornandum.lv\/en\/katalogs\/tableware-print\/beer-mugs\/baviera-beer-mug-670ml\/#primaryimage\"},\"thumbnailUrl\":\"https:\/\/ornandum.lv\/wp-content\/uploads\/2020\/02\/ornandum-traukuapdruka-katalogs-alus-kausi-BAVIERA-670ml.jpg\",\"datePublished\":\"2020-02-26T16:51:46+00:00\",\"dateModified\":\"2020-04-24T09:16:56+00:00\",\"description\":\"Alus kausu un gl\u0101\u017eu notur\u012bga apdruka, notur\u012bg\u0101 dekoldruka, traukus var\u0113s mazg\u0101t trauku ma\u0161\u012bn\u0101. Pla\u0161a alus kausu izv\u0113le.\",\"breadcrumb\":{\"@id\":\"https:\/\/ornandum.lv\/en\/katalogs\/tableware-print\/beer-mugs\/baviera-beer-mug-670ml\/#breadcrumb\"},\"inLanguage\":\"en-US\",\"potentialAction\":[{\"@type\":\"ReadAction\",\"target\":[\"https:\/\/ornandum.lv\/en\/katalogs\/tableware-print\/beer-mugs\/baviera-beer-mug-670ml\/\"]}]},{\"@type\":\"ImageObject\",\"inLanguage\":\"en-US\",\"@id\":\"https:\/\/ornandum.lv\/en\/katalogs\/tableware-print\/beer-mugs\/baviera-beer-mug-670ml\/#primaryimage\",\"url\":\"https:\/\/ornandum.lv\/wp-content\/uploads\/2020\/02\/ornandum-traukuapdruka-katalogs-alus-kausi-BAVIERA-670ml.jpg\",\"contentUrl\":\"https:\/\/ornandum.lv\/wp-content\/uploads\/2020\/02\/ornandum-traukuapdruka-katalogs-alus-kausi-BAVIERA-670ml.jpg\",\"width\":375,\"height\":375,\"caption\":\"ornandum-traukuapdruka-katalogs-alus-kausi-BAVIERA-670ml\"},{\"@type\":\"BreadcrumbList\",\"@id\":\"https:\/\/ornandum.lv\/en\/katalogs\/tableware-print\/beer-mugs\/baviera-beer-mug-670ml\/#breadcrumb\",\"itemListElement\":[{\"@type\":\"ListItem\",\"position\":1,\"name\":\"Home\",\"item\":\"https:\/\/ornandum.lv\/en\/\"},{\"@type\":\"ListItem\",\"position\":2,\"name\":\"Shop\",\"item\":\"https:\/\/ornandum.lv\/en\/shop\/\"},{\"@type\":\"ListItem\",\"position\":3,\"name\":\"Baviera beer mug, 670ml\"}]},{\"@type\":\"WebSite\",\"@id\":\"https:\/\/ornandum.lv\/en\/#website\",\"url\":\"https:\/\/ornandum.lv\/en\/\",\"name\":\"Ornandum\",\"description\":\"Trauku apdruka un prezentrekl\u0101ma\",\"publisher\":{\"@id\":\"https:\/\/ornandum.lv\/en\/#organization\"},\"potentialAction\":[{\"@type\":\"SearchAction\",\"target\":{\"@type\":\"EntryPoint\",\"urlTemplate\":\"https:\/\/ornandum.lv\/en\/?s={search_term_string}\"},\"query-input\":{\"@type\":\"PropertyValueSpecification\",\"valueRequired\":true,\"valueName\":\"search_term_string\"}}],\"inLanguage\":\"en-US\"},{\"@type\":\"Organization\",\"@id\":\"https:\/\/ornandum.lv\/en\/#organization\",\"name\":\"Dekolserviss Ltd\",\"url\":\"https:\/\/ornandum.lv\/en\/\",\"logo\":{\"@type\":\"ImageObject\",\"inLanguage\":\"en-US\",\"@id\":\"https:\/\/ornandum.lv\/en\/#\/schema\/logo\/image\/\",\"url\":\"https:\/\/ornandum.lv\/wp-content\/uploads\/2019\/11\/cropped-Header_logo.png\",\"contentUrl\":\"https:\/\/ornandum.lv\/wp-content\/uploads\/2019\/11\/cropped-Header_logo.png\",\"width\":221,\"height\":70,\"caption\":\"Dekolserviss Ltd\"},\"image\":{\"@id\":\"https:\/\/ornandum.lv\/en\/#\/schema\/logo\/image\/\"},\"sameAs\":[\"https:\/\/www.facebook.com\/traukuapdruka\/\",\"https:\/\/www.instagram.com\/ornandum_tablewareprint\/?hl=en\"]}]}<\/script>\n<!-- \/ Yoast SEO plugin. -->","yoast_head_json":{"title":"Baviera beer mug, 670ml - Ornandum -Trauku Apdruka","description":"Alus kausu un gl\u0101\u017eu notur\u012bga apdruka, notur\u012bg\u0101 dekoldruka, traukus var\u0113s mazg\u0101t trauku ma\u0161\u012bn\u0101. Pla\u0161a alus kausu izv\u0113le.","robots":{"index":"index","follow":"follow","max-snippet":"max-snippet:-1","max-image-preview":"max-image-preview:large","max-video-preview":"max-video-preview:-1"},"canonical":"https:\/\/ornandum.lv\/en\/katalogs\/tableware-print\/beer-mugs\/baviera-beer-mug-670ml\/","og_locale":"en_US","og_type":"article","og_title":"Baviera beer mug, 670ml - Ornandum -Trauku Apdruka","og_description":"Alus kausu un gl\u0101\u017eu notur\u012bga apdruka, notur\u012bg\u0101 dekoldruka, traukus var\u0113s mazg\u0101t trauku ma\u0161\u012bn\u0101. Pla\u0161a alus kausu izv\u0113le.","og_url":"https:\/\/ornandum.lv\/en\/katalogs\/tableware-print\/beer-mugs\/baviera-beer-mug-670ml\/","og_site_name":"Ornandum","article_publisher":"https:\/\/www.facebook.com\/traukuapdruka\/","article_modified_time":"2020-04-24T09:16:56+00:00","og_image":[{"width":375,"height":375,"url":"https:\/\/ornandum.lv\/wp-content\/uploads\/2020\/02\/ornandum-traukuapdruka-katalogs-alus-kausi-BAVIERA-670ml.jpg","type":"image\/jpeg"}],"twitter_card":"summary_large_image","schema":{"@context":"https:\/\/schema.org","@graph":[{"@type":"WebPage","@id":"https:\/\/ornandum.lv\/en\/katalogs\/tableware-print\/beer-mugs\/baviera-beer-mug-670ml\/","url":"https:\/\/ornandum.lv\/en\/katalogs\/tableware-print\/beer-mugs\/baviera-beer-mug-670ml\/","name":"Baviera beer mug, 670ml - Ornandum -Trauku Apdruka","isPartOf":{"@id":"https:\/\/ornandum.lv\/en\/#website"},"primaryImageOfPage":{"@id":"https:\/\/ornandum.lv\/en\/katalogs\/tableware-print\/beer-mugs\/baviera-beer-mug-670ml\/#primaryimage"},"image":{"@id":"https:\/\/ornandum.lv\/en\/katalogs\/tableware-print\/beer-mugs\/baviera-beer-mug-670ml\/#primaryimage"},"thumbnailUrl":"https:\/\/ornandum.lv\/wp-content\/uploads\/2020\/02\/ornandum-traukuapdruka-katalogs-alus-kausi-BAVIERA-670ml.jpg","datePublished":"2020-02-26T16:51:46+00:00","dateModified":"2020-04-24T09:16:56+00:00","description":"Alus kausu un gl\u0101\u017eu notur\u012bga apdruka, notur\u012bg\u0101 dekoldruka, traukus var\u0113s mazg\u0101t trauku ma\u0161\u012bn\u0101. Pla\u0161a alus kausu izv\u0113le.","breadcrumb":{"@id":"https:\/\/ornandum.lv\/en\/katalogs\/tableware-print\/beer-mugs\/baviera-beer-mug-670ml\/#breadcrumb"},"inLanguage":"en-US","potentialAction":[{"@type":"ReadAction","target":["https:\/\/ornandum.lv\/en\/katalogs\/tableware-print\/beer-mugs\/baviera-beer-mug-670ml\/"]}]},{"@type":"ImageObject","inLanguage":"en-US","@id":"https:\/\/ornandum.lv\/en\/katalogs\/tableware-print\/beer-mugs\/baviera-beer-mug-670ml\/#primaryimage","url":"https:\/\/ornandum.lv\/wp-content\/uploads\/2020\/02\/ornandum-traukuapdruka-katalogs-alus-kausi-BAVIERA-670ml.jpg","contentUrl":"https:\/\/ornandum.lv\/wp-content\/uploads\/2020\/02\/ornandum-traukuapdruka-katalogs-alus-kausi-BAVIERA-670ml.jpg","width":375,"height":375,"caption":"ornandum-traukuapdruka-katalogs-alus-kausi-BAVIERA-670ml"},{"@type":"BreadcrumbList","@id":"https:\/\/ornandum.lv\/en\/katalogs\/tableware-print\/beer-mugs\/baviera-beer-mug-670ml\/#breadcrumb","itemListElement":[{"@type":"ListItem","position":1,"name":"Home","item":"https:\/\/ornandum.lv\/en\/"},{"@type":"ListItem","position":2,"name":"Shop","item":"https:\/\/ornandum.lv\/en\/shop\/"},{"@type":"ListItem","position":3,"name":"Baviera beer mug, 670ml"}]},{"@type":"WebSite","@id":"https:\/\/ornandum.lv\/en\/#website","url":"https:\/\/ornandum.lv\/en\/","name":"Ornandum","description":"Trauku apdruka un prezentrekl\u0101ma","publisher":{"@id":"https:\/\/ornandum.lv\/en\/#organization"},"potentialAction":[{"@type":"SearchAction","target":{"@type":"EntryPoint","urlTemplate":"https:\/\/ornandum.lv\/en\/?s={search_term_string}"},"query-input":{"@type":"PropertyValueSpecification","valueRequired":true,"valueName":"search_term_string"}}],"inLanguage":"en-US"},{"@type":"Organization","@id":"https:\/\/ornandum.lv\/en\/#organization","name":"Dekolserviss Ltd","url":"https:\/\/ornandum.lv\/en\/","logo":{"@type":"ImageObject","inLanguage":"en-US","@id":"https:\/\/ornandum.lv\/en\/#\/schema\/logo\/image\/","url":"https:\/\/ornandum.lv\/wp-content\/uploads\/2019\/11\/cropped-Header_logo.png","contentUrl":"https:\/\/ornandum.lv\/wp-content\/uploads\/2019\/11\/cropped-Header_logo.png","width":221,"height":70,"caption":"Dekolserviss Ltd"},"image":{"@id":"https:\/\/ornandum.lv\/en\/#\/schema\/logo\/image\/"},"sameAs":["https:\/\/www.facebook.com\/traukuapdruka\/","https:\/\/www.instagram.com\/ornandum_tablewareprint\/?hl=en"]}]}},"_links":{"self":[{"href":"https:\/\/ornandum.lv\/en\/wp-json\/wp\/v2\/product\/3238","targetHints":{"allow":["GET"]}}],"collection":[{"href":"https:\/\/ornandum.lv\/en\/wp-json\/wp\/v2\/product"}],"about":[{"href":"https:\/\/ornandum.lv\/en\/wp-json\/wp\/v2\/types\/product"}],"replies":[{"embeddable":true,"href":"https:\/\/ornandum.lv\/en\/wp-json\/wp\/v2\/comments?post=3238"}],"wp:featuredmedia":[{"embeddable":true,"href":"https:\/\/ornandum.lv\/en\/wp-json\/wp\/v2\/media\/2800"}],"wp:attachment":[{"href":"https:\/\/ornandum.lv\/en\/wp-json\/wp\/v2\/media?parent=3238"}],"wp:term":[{"taxonomy":"product_brand","embeddable":true,"href":"https:\/\/ornandum.lv\/en\/wp-json\/wp\/v2\/product_brand?post=3238"},{"taxonomy":"product_cat","embeddable":true,"href":"https:\/\/ornandum.lv\/en\/wp-json\/wp\/v2\/product_cat?post=3238"},{"taxonomy":"product_tag","embeddable":true,"href":"https:\/\/ornandum.lv\/en\/wp-json\/wp\/v2\/product_tag?post=3238"}],"curies":[{"name":"wp","href":"https:\/\/api.w.org\/{rel}","templated":true}]}}