{"id":8348,"date":"2021-01-11T12:30:06","date_gmt":"2021-01-11T10:30:06","guid":{"rendered":"https:\/\/ornandum.lv\/katalogs\/uncategorized\/victoria-kruze-balta-350ml\/"},"modified":"2024-04-05T04:02:17","modified_gmt":"2024-04-05T01:02:17","slug":"victoria-kruze-balta-350ml","status":"publish","type":"product","link":"https:\/\/ornandum.lv\/en\/katalogs\/tableware-print\/mugs\/victoria-kruze-balta-350ml\/","title":{"rendered":"Victoria kr\u016bze balta, 350ml"},"content":{"rendered":"<p><span class=\"VIiyi\" lang=\"lv\"><span class=\"JLqJ4b ChMk0b\" data-language-for-alternatives=\"lv\" data-language-to-translate-into=\"en\" data-phrase-index=\"6\"><strong>Victoria kr\u016bze balta, 350ml<\/strong> kvalitat\u012bva porcel\u0101na\u00a0kr\u016bze<\/span><\/span>.<br \/>\nDekoldrukai uz kr\u016bzes nav laukuma ierobe\u017eojuma. Apdruka ir izcili notur\u012bga, kr\u0101su ko\u0161ums nemain\u012bgs, apdruk\u0101tos traukus var mazg\u0101t trauku mazg\u0101jam\u0101 ma\u0161\u012bn\u0101. Ar \u0161o tehnolo\u0123iju var apdruk\u0101t ar\u012b izliektas formas kr\u016bzes.<br \/>\nApdrukas idejas apskat\u0101mas m\u016bsu\u00a0<a href=\"https:\/\/www.instagram.com\/ornandum_tablewareprint\/\">Instagram kont\u0101<\/a>, un papildus inform\u0101cija par kr\u016bz\u0113m ar logo las\u0101ma m\u016bsu bloga ierakst\u0101<a href=\"https:\/\/ornandum.lv\/kruzes-ar-logo\/\">\u00a0\u201cKr\u016bzes ar logo\u201d.\u00a0<\/a>Apdrukas piem\u0113rus skatiet galerij\u0101 <a href=\"https:\/\/ornandum.lv\/apdrukas-darbi\/\">\u201cApdrukas darbi\u201d<\/a><\/p>\n<p>Pre\u010du atlikumi noliktav\u0101 var main\u012bties, pre\u010du pieejamo atlikumu preciz\u0113sim pas\u016bt\u012bjuma br\u012bd\u012b. Visus katalog\u0101 redzamos traukus ir iesp\u0113jams pas\u016bt\u012bt liel\u0101kos daudzumos. Minim\u0101lais skaits 108gb (pieg\u0101des izmaksas iek\u013cautas kr\u016bzes cen\u0101), ja nepiecie\u0161ams maz\u0101ks skaits, l\u016bdzu jaut\u0101t par pieg\u0101des izmaks\u0101m. Pieg\u0101des ilgums 3-5 darba dienas. M\u016bsu ra\u017eotn\u0113 ir pieejami paraugi apskatei.<\/p>\n","protected":false},"excerpt":{"rendered":"<p><span class=\"VIiyi\" lang=\"lv\"><span class=\"JLqJ4b ChMk0b\" data-language-for-alternatives=\"lv\" data-language-to-translate-into=\"en\" data-phrase-index=\"6\"><strong>Victoria kr\u016bze balta, 350ml<\/strong> kvalitat\u012bva porcel\u0101na\u00a0kr\u016bze<\/span><\/span>. Pied\u0101v\u0101jam izcilu apdrukas notur\u012bbu, nemain\u012bgi ko\u0161as kr\u0101sas, iesp\u0113ju uzdruk\u0101t uz kr\u016bzes jebkur\u0101 viet\u0101.<br \/>\nApr\u0113\u0137ini sev izdev\u012bg\u0101ko tir\u0101\u017eu ar cenu kalkulatoru zem\u0101k.<\/p>\n","protected":false},"featured_media":4630,"comment_status":"closed","ping_status":"closed","template":"","meta":{"_acf_changed":false},"product_brand":[],"product_cat":[265],"product_tag":[],"class_list":{"0":"post-8348","1":"product","2":"type-product","3":"status-publish","4":"has-post-thumbnail","6":"product_cat-mugs","7":"pa_augstums-100mm-en","8":"pa_diametrs-85mm-en","9":"pa_materials-porcelain","10":"pa_tilpums-350ml-en","12":"first","13":"instock","14":"taxable","15":"shipping-taxable","16":"purchasable","17":"product-type-simple"},"acf":[],"yoast_head":"<!-- This site is optimized with the Yoast SEO plugin v25.2 - https:\/\/yoast.com\/wordpress\/plugins\/seo\/ -->\n<title>Victoria kr\u016bze balta, 350ml - Ornandum - trauku apdruka<\/title>\n<meta name=\"description\" content=\"Victoria kr\u016bze balta kvalitat\u012bva porcel\u0101na\u00a0kr\u016bze. Pied\u0101v\u0101jam izcilu apdrukas notur\u012bbu, nemain\u012bgi ko\u0161as kr\u0101sas, iesp\u0113ju uzdruk\u0101t uz kr\u016bzes jebkur\u0101 viet\u0101.\" \/>\n<meta name=\"robots\" content=\"index, follow, max-snippet:-1, max-image-preview:large, max-video-preview:-1\" \/>\n<link rel=\"canonical\" href=\"https:\/\/ornandum.lv\/en\/katalogs\/tableware-print\/mugs\/victoria-kruze-balta-350ml\/\" \/>\n<meta property=\"og:locale\" content=\"en_US\" \/>\n<meta property=\"og:type\" content=\"article\" \/>\n<meta property=\"og:title\" content=\"Victoria kr\u016bze balta, 350ml - Ornandum - trauku apdruka\" \/>\n<meta property=\"og:description\" content=\"Victoria kr\u016bze balta kvalitat\u012bva porcel\u0101na\u00a0kr\u016bze. Pied\u0101v\u0101jam izcilu apdrukas notur\u012bbu, nemain\u012bgi ko\u0161as kr\u0101sas, iesp\u0113ju uzdruk\u0101t uz kr\u016bzes jebkur\u0101 viet\u0101.\" \/>\n<meta property=\"og:url\" content=\"https:\/\/ornandum.lv\/en\/katalogs\/tableware-print\/mugs\/victoria-kruze-balta-350ml\/\" \/>\n<meta property=\"og:site_name\" content=\"Ornandum\" \/>\n<meta property=\"article:publisher\" content=\"https:\/\/www.facebook.com\/traukuapdruka\/\" \/>\n<meta property=\"article:modified_time\" content=\"2024-04-05T01:02:17+00:00\" \/>\n<meta property=\"og:image\" content=\"https:\/\/ornandum.lv\/wp-content\/uploads\/2021\/01\/Katalogs-traukuapdruka-kruzes-victoria-balta.png\" \/>\n\t<meta property=\"og:image:width\" content=\"1000\" \/>\n\t<meta property=\"og:image:height\" content=\"1000\" \/>\n\t<meta property=\"og:image:type\" content=\"image\/png\" \/>\n<meta name=\"twitter:card\" content=\"summary_large_image\" \/>\n<meta name=\"twitter:label1\" content=\"Est. reading time\" \/>\n\t<meta name=\"twitter:data1\" content=\"1 minute\" \/>\n<script type=\"application\/ld+json\" class=\"yoast-schema-graph\">{\"@context\":\"https:\/\/schema.org\",\"@graph\":[{\"@type\":\"WebPage\",\"@id\":\"https:\/\/ornandum.lv\/en\/katalogs\/tableware-print\/mugs\/victoria-kruze-balta-350ml\/\",\"url\":\"https:\/\/ornandum.lv\/en\/katalogs\/tableware-print\/mugs\/victoria-kruze-balta-350ml\/\",\"name\":\"Victoria kr\u016bze balta, 350ml - Ornandum - trauku apdruka\",\"isPartOf\":{\"@id\":\"https:\/\/ornandum.lv\/en\/#website\"},\"primaryImageOfPage\":{\"@id\":\"https:\/\/ornandum.lv\/en\/katalogs\/tableware-print\/mugs\/victoria-kruze-balta-350ml\/#primaryimage\"},\"image\":{\"@id\":\"https:\/\/ornandum.lv\/en\/katalogs\/tableware-print\/mugs\/victoria-kruze-balta-350ml\/#primaryimage\"},\"thumbnailUrl\":\"https:\/\/ornandum.lv\/wp-content\/uploads\/2021\/01\/Katalogs-traukuapdruka-kruzes-victoria-balta.png\",\"datePublished\":\"2021-01-11T10:30:06+00:00\",\"dateModified\":\"2024-04-05T01:02:17+00:00\",\"description\":\"Victoria kr\u016bze balta kvalitat\u012bva porcel\u0101na\u00a0kr\u016bze. Pied\u0101v\u0101jam izcilu apdrukas notur\u012bbu, nemain\u012bgi ko\u0161as kr\u0101sas, iesp\u0113ju uzdruk\u0101t uz kr\u016bzes jebkur\u0101 viet\u0101.\",\"breadcrumb\":{\"@id\":\"https:\/\/ornandum.lv\/en\/katalogs\/tableware-print\/mugs\/victoria-kruze-balta-350ml\/#breadcrumb\"},\"inLanguage\":\"en-US\",\"potentialAction\":[{\"@type\":\"ReadAction\",\"target\":[\"https:\/\/ornandum.lv\/en\/katalogs\/tableware-print\/mugs\/victoria-kruze-balta-350ml\/\"]}]},{\"@type\":\"ImageObject\",\"inLanguage\":\"en-US\",\"@id\":\"https:\/\/ornandum.lv\/en\/katalogs\/tableware-print\/mugs\/victoria-kruze-balta-350ml\/#primaryimage\",\"url\":\"https:\/\/ornandum.lv\/wp-content\/uploads\/2021\/01\/Katalogs-traukuapdruka-kruzes-victoria-balta.png\",\"contentUrl\":\"https:\/\/ornandum.lv\/wp-content\/uploads\/2021\/01\/Katalogs-traukuapdruka-kruzes-victoria-balta.png\",\"width\":1000,\"height\":1000,\"caption\":\"Katalogs-traukuapdruka-kruzes-victoria-balta\"},{\"@type\":\"BreadcrumbList\",\"@id\":\"https:\/\/ornandum.lv\/en\/katalogs\/tableware-print\/mugs\/victoria-kruze-balta-350ml\/#breadcrumb\",\"itemListElement\":[{\"@type\":\"ListItem\",\"position\":1,\"name\":\"Home\",\"item\":\"https:\/\/ornandum.lv\/en\/\"},{\"@type\":\"ListItem\",\"position\":2,\"name\":\"Shop\",\"item\":\"https:\/\/ornandum.lv\/en\/shop\/\"},{\"@type\":\"ListItem\",\"position\":3,\"name\":\"Victoria kr\u016bze balta, 350ml\"}]},{\"@type\":\"WebSite\",\"@id\":\"https:\/\/ornandum.lv\/en\/#website\",\"url\":\"https:\/\/ornandum.lv\/en\/\",\"name\":\"Ornandum\",\"description\":\"Trauku apdruka un prezentrekl\u0101ma\",\"publisher\":{\"@id\":\"https:\/\/ornandum.lv\/en\/#organization\"},\"potentialAction\":[{\"@type\":\"SearchAction\",\"target\":{\"@type\":\"EntryPoint\",\"urlTemplate\":\"https:\/\/ornandum.lv\/en\/?s={search_term_string}\"},\"query-input\":{\"@type\":\"PropertyValueSpecification\",\"valueRequired\":true,\"valueName\":\"search_term_string\"}}],\"inLanguage\":\"en-US\"},{\"@type\":\"Organization\",\"@id\":\"https:\/\/ornandum.lv\/en\/#organization\",\"name\":\"Dekolserviss Ltd\",\"url\":\"https:\/\/ornandum.lv\/en\/\",\"logo\":{\"@type\":\"ImageObject\",\"inLanguage\":\"en-US\",\"@id\":\"https:\/\/ornandum.lv\/en\/#\/schema\/logo\/image\/\",\"url\":\"https:\/\/ornandum.lv\/wp-content\/uploads\/2019\/11\/cropped-Header_logo.png\",\"contentUrl\":\"https:\/\/ornandum.lv\/wp-content\/uploads\/2019\/11\/cropped-Header_logo.png\",\"width\":221,\"height\":70,\"caption\":\"Dekolserviss Ltd\"},\"image\":{\"@id\":\"https:\/\/ornandum.lv\/en\/#\/schema\/logo\/image\/\"},\"sameAs\":[\"https:\/\/www.facebook.com\/traukuapdruka\/\",\"https:\/\/www.instagram.com\/ornandum_tablewareprint\/?hl=en\"]}]}<\/script>\n<!-- \/ Yoast SEO plugin. -->","yoast_head_json":{"title":"Victoria kr\u016bze balta, 350ml - Ornandum - trauku apdruka","description":"Victoria kr\u016bze balta kvalitat\u012bva porcel\u0101na\u00a0kr\u016bze. Pied\u0101v\u0101jam izcilu apdrukas notur\u012bbu, nemain\u012bgi ko\u0161as kr\u0101sas, iesp\u0113ju uzdruk\u0101t uz kr\u016bzes jebkur\u0101 viet\u0101.","robots":{"index":"index","follow":"follow","max-snippet":"max-snippet:-1","max-image-preview":"max-image-preview:large","max-video-preview":"max-video-preview:-1"},"canonical":"https:\/\/ornandum.lv\/en\/katalogs\/tableware-print\/mugs\/victoria-kruze-balta-350ml\/","og_locale":"en_US","og_type":"article","og_title":"Victoria kr\u016bze balta, 350ml - Ornandum - trauku apdruka","og_description":"Victoria kr\u016bze balta kvalitat\u012bva porcel\u0101na\u00a0kr\u016bze. Pied\u0101v\u0101jam izcilu apdrukas notur\u012bbu, nemain\u012bgi ko\u0161as kr\u0101sas, iesp\u0113ju uzdruk\u0101t uz kr\u016bzes jebkur\u0101 viet\u0101.","og_url":"https:\/\/ornandum.lv\/en\/katalogs\/tableware-print\/mugs\/victoria-kruze-balta-350ml\/","og_site_name":"Ornandum","article_publisher":"https:\/\/www.facebook.com\/traukuapdruka\/","article_modified_time":"2024-04-05T01:02:17+00:00","og_image":[{"width":1000,"height":1000,"url":"https:\/\/ornandum.lv\/wp-content\/uploads\/2021\/01\/Katalogs-traukuapdruka-kruzes-victoria-balta.png","type":"image\/png"}],"twitter_card":"summary_large_image","twitter_misc":{"Est. reading time":"1 minute"},"schema":{"@context":"https:\/\/schema.org","@graph":[{"@type":"WebPage","@id":"https:\/\/ornandum.lv\/en\/katalogs\/tableware-print\/mugs\/victoria-kruze-balta-350ml\/","url":"https:\/\/ornandum.lv\/en\/katalogs\/tableware-print\/mugs\/victoria-kruze-balta-350ml\/","name":"Victoria kr\u016bze balta, 350ml - Ornandum - trauku apdruka","isPartOf":{"@id":"https:\/\/ornandum.lv\/en\/#website"},"primaryImageOfPage":{"@id":"https:\/\/ornandum.lv\/en\/katalogs\/tableware-print\/mugs\/victoria-kruze-balta-350ml\/#primaryimage"},"image":{"@id":"https:\/\/ornandum.lv\/en\/katalogs\/tableware-print\/mugs\/victoria-kruze-balta-350ml\/#primaryimage"},"thumbnailUrl":"https:\/\/ornandum.lv\/wp-content\/uploads\/2021\/01\/Katalogs-traukuapdruka-kruzes-victoria-balta.png","datePublished":"2021-01-11T10:30:06+00:00","dateModified":"2024-04-05T01:02:17+00:00","description":"Victoria kr\u016bze balta kvalitat\u012bva porcel\u0101na\u00a0kr\u016bze. Pied\u0101v\u0101jam izcilu apdrukas notur\u012bbu, nemain\u012bgi ko\u0161as kr\u0101sas, iesp\u0113ju uzdruk\u0101t uz kr\u016bzes jebkur\u0101 viet\u0101.","breadcrumb":{"@id":"https:\/\/ornandum.lv\/en\/katalogs\/tableware-print\/mugs\/victoria-kruze-balta-350ml\/#breadcrumb"},"inLanguage":"en-US","potentialAction":[{"@type":"ReadAction","target":["https:\/\/ornandum.lv\/en\/katalogs\/tableware-print\/mugs\/victoria-kruze-balta-350ml\/"]}]},{"@type":"ImageObject","inLanguage":"en-US","@id":"https:\/\/ornandum.lv\/en\/katalogs\/tableware-print\/mugs\/victoria-kruze-balta-350ml\/#primaryimage","url":"https:\/\/ornandum.lv\/wp-content\/uploads\/2021\/01\/Katalogs-traukuapdruka-kruzes-victoria-balta.png","contentUrl":"https:\/\/ornandum.lv\/wp-content\/uploads\/2021\/01\/Katalogs-traukuapdruka-kruzes-victoria-balta.png","width":1000,"height":1000,"caption":"Katalogs-traukuapdruka-kruzes-victoria-balta"},{"@type":"BreadcrumbList","@id":"https:\/\/ornandum.lv\/en\/katalogs\/tableware-print\/mugs\/victoria-kruze-balta-350ml\/#breadcrumb","itemListElement":[{"@type":"ListItem","position":1,"name":"Home","item":"https:\/\/ornandum.lv\/en\/"},{"@type":"ListItem","position":2,"name":"Shop","item":"https:\/\/ornandum.lv\/en\/shop\/"},{"@type":"ListItem","position":3,"name":"Victoria kr\u016bze balta, 350ml"}]},{"@type":"WebSite","@id":"https:\/\/ornandum.lv\/en\/#website","url":"https:\/\/ornandum.lv\/en\/","name":"Ornandum","description":"Trauku apdruka un prezentrekl\u0101ma","publisher":{"@id":"https:\/\/ornandum.lv\/en\/#organization"},"potentialAction":[{"@type":"SearchAction","target":{"@type":"EntryPoint","urlTemplate":"https:\/\/ornandum.lv\/en\/?s={search_term_string}"},"query-input":{"@type":"PropertyValueSpecification","valueRequired":true,"valueName":"search_term_string"}}],"inLanguage":"en-US"},{"@type":"Organization","@id":"https:\/\/ornandum.lv\/en\/#organization","name":"Dekolserviss Ltd","url":"https:\/\/ornandum.lv\/en\/","logo":{"@type":"ImageObject","inLanguage":"en-US","@id":"https:\/\/ornandum.lv\/en\/#\/schema\/logo\/image\/","url":"https:\/\/ornandum.lv\/wp-content\/uploads\/2019\/11\/cropped-Header_logo.png","contentUrl":"https:\/\/ornandum.lv\/wp-content\/uploads\/2019\/11\/cropped-Header_logo.png","width":221,"height":70,"caption":"Dekolserviss Ltd"},"image":{"@id":"https:\/\/ornandum.lv\/en\/#\/schema\/logo\/image\/"},"sameAs":["https:\/\/www.facebook.com\/traukuapdruka\/","https:\/\/www.instagram.com\/ornandum_tablewareprint\/?hl=en"]}]}},"_links":{"self":[{"href":"https:\/\/ornandum.lv\/en\/wp-json\/wp\/v2\/product\/8348","targetHints":{"allow":["GET"]}}],"collection":[{"href":"https:\/\/ornandum.lv\/en\/wp-json\/wp\/v2\/product"}],"about":[{"href":"https:\/\/ornandum.lv\/en\/wp-json\/wp\/v2\/types\/product"}],"replies":[{"embeddable":true,"href":"https:\/\/ornandum.lv\/en\/wp-json\/wp\/v2\/comments?post=8348"}],"wp:featuredmedia":[{"embeddable":true,"href":"https:\/\/ornandum.lv\/en\/wp-json\/wp\/v2\/media\/4630"}],"wp:attachment":[{"href":"https:\/\/ornandum.lv\/en\/wp-json\/wp\/v2\/media?parent=8348"}],"wp:term":[{"taxonomy":"product_brand","embeddable":true,"href":"https:\/\/ornandum.lv\/en\/wp-json\/wp\/v2\/product_brand?post=8348"},{"taxonomy":"product_cat","embeddable":true,"href":"https:\/\/ornandum.lv\/en\/wp-json\/wp\/v2\/product_cat?post=8348"},{"taxonomy":"product_tag","embeddable":true,"href":"https:\/\/ornandum.lv\/en\/wp-json\/wp\/v2\/product_tag?post=8348"}],"curies":[{"name":"wp","href":"https:\/\/api.w.org\/{rel}","templated":true}]}}