{"id":8355,"date":"2021-08-31T13:50:29","date_gmt":"2021-08-31T10:50:29","guid":{"rendered":"https:\/\/ornandum.lv\/katalogs\/uncategorized\/boss-skivis-balts-31cm\/"},"modified":"2024-04-05T04:04:47","modified_gmt":"2024-04-05T01:04:47","slug":"boss-skivis-balts-31cm","status":"publish","type":"product","link":"https:\/\/ornandum.lv\/en\/katalogs\/tableware-print\/plates\/boss-skivis-balts-31cm\/","title":{"rendered":"Boss \u0161\u0137\u012bvis balts, 31cm"},"content":{"rendered":"<p>Klasiskas formas \u0161\u0137\u012bvis bez mal\u0101m, porcel\u0101na, balts \u0161\u0137\u012bvis 31cm. \u0160\u0137\u012bvja apak\u0161\u0101 nav ra\u017eot\u0101ja logo, kas sniedz iesp\u0113ju apak\u0161\u0101 to apruk\u0101t ar uz\u0146\u0113muma logo vai m\u0101kslinieka \u00a0parakstu. Dekoldruk\u0101 \u0161\u0137\u012bvim nav drukas laukuma ierobe\u017eojums, \u0161\u0137\u012bvi var apdruk\u0101t piln\u012bb\u0101 visu un ar\u012bdzan no apak\u0161as.<\/p>\n<p>Pre\u010du atlikumi noliktav\u0101 var main\u012bties, pre\u010du pieejamo atlikumu preciz\u0113sim pas\u016bt\u012bjuma br\u012bd\u012b. Visus katalog\u0101 redzamos traukus ir iesp\u0113jams pas\u016bt\u012bt liel\u0101kos daudzumos.<\/p>\n<p>Par \u0161\u0137\u012bvju apdrukas iesp\u0113j\u0101m un \u00a0priek\u0161roc\u012bb\u0101m lasiet m\u016bsu rakst\u0101 <a href=\"https:\/\/ornandum.lv\/skivju-apdruka\/\">&#8220;\u0160\u0137\u012bvju apdruka&#8221;.\u00a0<\/a><\/p>\n<p>Apdrukas jaun\u0101kajiem darbiem sekojiet m\u016bsu <a href=\"https:\/\/www.facebook.com\/traukuapdruka\">Facebook lap\u0101<\/a> vai <a href=\"https:\/\/www.instagram.com\/ornandum_tablewareprint\/\">Instagram kont\u0101.\u00a0<\/a><\/p>\n<p>&nbsp;<\/p>\n","protected":false},"excerpt":{"rendered":"<p>Klasiskas formas \u0161\u0137\u012bvis bez mal\u0101m, porcel\u0101na, balts \u0161\u0137\u012bvis 31cm. \u0160\u0137\u012bvja apak\u0161\u0101 nav ra\u017eot\u0101ja logo, kas sniedz iesp\u0113ju apak\u0161\u0101 to apruk\u0101t ar uz\u0146\u0113muma logo vai m\u0101kslinieka \u00a0parakstu. Dekoldruk\u0101 \u0161\u0137\u012bvim nav drukas laukuma ierobe\u017eojums, \u0161\u0137\u012bvi var apdruk\u0101t piln\u012bb\u0101 visu un ar\u012bdzan no apak\u0161as.<\/p>\n<p>Pre\u010du atlikumi noliktav\u0101 var main\u012bties, pre\u010du pieejamo atlikumu preciz\u0113sim pas\u016bt\u012bjuma br\u012bd\u012b. Visus katalog\u0101 redzamos traukus ir iesp\u0113jams pas\u016bt\u012bt liel\u0101kos daudzumos.<\/p>\n<p>Par \u0161\u0137\u012bvju apdrukas iesp\u0113j\u0101m un \u00a0priek\u0161roc\u012bb\u0101m lasiet m\u016bsu rakst\u0101 <a href=\"https:\/\/ornandum.lv\/skivju-apdruka\/\">&#8220;\u0160\u0137\u012bvju apdruka&#8221;.\u00a0<\/a><\/p>\n<p>Apdrukas jaun\u0101kajiem darbiem sekojiet m\u016bsu <a href=\"https:\/\/www.facebook.com\/traukuapdruka\">Facebook lap\u0101<\/a> vai <a href=\"https:\/\/www.instagram.com\/ornandum_tablewareprint\/\">Instagram kont\u0101.\u00a0<\/a><\/p>\n<p>&nbsp;<\/p>\n","protected":false},"featured_media":4237,"comment_status":"closed","ping_status":"closed","template":"","meta":{"_acf_changed":false},"product_brand":[],"product_cat":[281],"product_tag":[],"class_list":{"0":"post-8355","1":"product","2":"type-product","3":"status-publish","4":"has-post-thumbnail","6":"product_cat-plates","7":"pa_diametrs-31cm-en","8":"pa_materials-porcelain","10":"first","11":"instock","12":"taxable","13":"shipping-taxable","14":"purchasable","15":"product-type-simple"},"acf":[],"yoast_head":"<!-- This site is optimized with the Yoast SEO plugin v25.2 - https:\/\/yoast.com\/wordpress\/plugins\/seo\/ -->\n<title>Boss \u0161\u0137\u012bvis balts, 31cm - Ornandum \u0161\u0137\u012bvju apdruka<\/title>\n<meta name=\"description\" content=\"Balts \u0161\u0137\u012bvis 31cm, porcel\u0101na, klasisks lieliski piem\u0113rots visnotur\u012bg\u0101k\u0101s trauku apdrukai. Dekoldruka kvalitat\u012bv\u0101k\u0101 apdruka.\" \/>\n<meta name=\"robots\" content=\"index, follow, max-snippet:-1, max-image-preview:large, max-video-preview:-1\" \/>\n<link rel=\"canonical\" href=\"https:\/\/ornandum.lv\/en\/katalogs\/tableware-print\/plates\/boss-skivis-balts-31cm\/\" \/>\n<meta property=\"og:locale\" content=\"en_US\" \/>\n<meta property=\"og:type\" content=\"article\" \/>\n<meta property=\"og:title\" content=\"Boss \u0161\u0137\u012bvis balts, 31cm - Ornandum \u0161\u0137\u012bvju apdruka\" \/>\n<meta property=\"og:description\" content=\"Balts \u0161\u0137\u012bvis 31cm, porcel\u0101na, klasisks lieliski piem\u0113rots visnotur\u012bg\u0101k\u0101s trauku apdrukai. Dekoldruka kvalitat\u012bv\u0101k\u0101 apdruka.\" \/>\n<meta property=\"og:url\" content=\"https:\/\/ornandum.lv\/en\/katalogs\/tableware-print\/plates\/boss-skivis-balts-31cm\/\" \/>\n<meta property=\"og:site_name\" content=\"Ornandum\" \/>\n<meta property=\"article:publisher\" content=\"https:\/\/www.facebook.com\/traukuapdruka\/\" \/>\n<meta property=\"article:modified_time\" content=\"2024-04-05T01:04:47+00:00\" \/>\n<meta property=\"og:image\" content=\"https:\/\/ornandum.lv\/wp-content\/uploads\/2020\/09\/ornandum-traukuapdruka-katalogs-skivji-boss-27.jpg\" \/>\n\t<meta property=\"og:image:width\" content=\"800\" \/>\n\t<meta property=\"og:image:height\" content=\"800\" \/>\n\t<meta property=\"og:image:type\" content=\"image\/jpeg\" \/>\n<meta name=\"twitter:card\" content=\"summary_large_image\" \/>\n<meta name=\"twitter:label1\" content=\"Est. reading time\" \/>\n\t<meta name=\"twitter:data1\" content=\"1 minute\" \/>\n<script type=\"application\/ld+json\" class=\"yoast-schema-graph\">{\"@context\":\"https:\/\/schema.org\",\"@graph\":[{\"@type\":\"WebPage\",\"@id\":\"https:\/\/ornandum.lv\/en\/katalogs\/tableware-print\/plates\/boss-skivis-balts-31cm\/\",\"url\":\"https:\/\/ornandum.lv\/en\/katalogs\/tableware-print\/plates\/boss-skivis-balts-31cm\/\",\"name\":\"Boss \u0161\u0137\u012bvis balts, 31cm - Ornandum \u0161\u0137\u012bvju apdruka\",\"isPartOf\":{\"@id\":\"https:\/\/ornandum.lv\/en\/#website\"},\"primaryImageOfPage\":{\"@id\":\"https:\/\/ornandum.lv\/en\/katalogs\/tableware-print\/plates\/boss-skivis-balts-31cm\/#primaryimage\"},\"image\":{\"@id\":\"https:\/\/ornandum.lv\/en\/katalogs\/tableware-print\/plates\/boss-skivis-balts-31cm\/#primaryimage\"},\"thumbnailUrl\":\"https:\/\/ornandum.lv\/wp-content\/uploads\/2020\/09\/ornandum-traukuapdruka-katalogs-skivji-boss-27.jpg\",\"datePublished\":\"2021-08-31T10:50:29+00:00\",\"dateModified\":\"2024-04-05T01:04:47+00:00\",\"description\":\"Balts \u0161\u0137\u012bvis 31cm, porcel\u0101na, klasisks lieliski piem\u0113rots visnotur\u012bg\u0101k\u0101s trauku apdrukai. Dekoldruka kvalitat\u012bv\u0101k\u0101 apdruka.\",\"breadcrumb\":{\"@id\":\"https:\/\/ornandum.lv\/en\/katalogs\/tableware-print\/plates\/boss-skivis-balts-31cm\/#breadcrumb\"},\"inLanguage\":\"en-US\",\"potentialAction\":[{\"@type\":\"ReadAction\",\"target\":[\"https:\/\/ornandum.lv\/en\/katalogs\/tableware-print\/plates\/boss-skivis-balts-31cm\/\"]}]},{\"@type\":\"ImageObject\",\"inLanguage\":\"en-US\",\"@id\":\"https:\/\/ornandum.lv\/en\/katalogs\/tableware-print\/plates\/boss-skivis-balts-31cm\/#primaryimage\",\"url\":\"https:\/\/ornandum.lv\/wp-content\/uploads\/2020\/09\/ornandum-traukuapdruka-katalogs-skivji-boss-27.jpg\",\"contentUrl\":\"https:\/\/ornandum.lv\/wp-content\/uploads\/2020\/09\/ornandum-traukuapdruka-katalogs-skivji-boss-27.jpg\",\"width\":800,\"height\":800,\"caption\":\"ornandum-traukuapdruka-katalogs-skivji-boss-27\"},{\"@type\":\"BreadcrumbList\",\"@id\":\"https:\/\/ornandum.lv\/en\/katalogs\/tableware-print\/plates\/boss-skivis-balts-31cm\/#breadcrumb\",\"itemListElement\":[{\"@type\":\"ListItem\",\"position\":1,\"name\":\"Home\",\"item\":\"https:\/\/ornandum.lv\/en\/\"},{\"@type\":\"ListItem\",\"position\":2,\"name\":\"Shop\",\"item\":\"https:\/\/ornandum.lv\/en\/shop\/\"},{\"@type\":\"ListItem\",\"position\":3,\"name\":\"Boss \u0161\u0137\u012bvis balts, 31cm\"}]},{\"@type\":\"WebSite\",\"@id\":\"https:\/\/ornandum.lv\/en\/#website\",\"url\":\"https:\/\/ornandum.lv\/en\/\",\"name\":\"Ornandum\",\"description\":\"Trauku apdruka un prezentrekl\u0101ma\",\"publisher\":{\"@id\":\"https:\/\/ornandum.lv\/en\/#organization\"},\"potentialAction\":[{\"@type\":\"SearchAction\",\"target\":{\"@type\":\"EntryPoint\",\"urlTemplate\":\"https:\/\/ornandum.lv\/en\/?s={search_term_string}\"},\"query-input\":{\"@type\":\"PropertyValueSpecification\",\"valueRequired\":true,\"valueName\":\"search_term_string\"}}],\"inLanguage\":\"en-US\"},{\"@type\":\"Organization\",\"@id\":\"https:\/\/ornandum.lv\/en\/#organization\",\"name\":\"Dekolserviss Ltd\",\"url\":\"https:\/\/ornandum.lv\/en\/\",\"logo\":{\"@type\":\"ImageObject\",\"inLanguage\":\"en-US\",\"@id\":\"https:\/\/ornandum.lv\/en\/#\/schema\/logo\/image\/\",\"url\":\"https:\/\/ornandum.lv\/wp-content\/uploads\/2019\/11\/cropped-Header_logo.png\",\"contentUrl\":\"https:\/\/ornandum.lv\/wp-content\/uploads\/2019\/11\/cropped-Header_logo.png\",\"width\":221,\"height\":70,\"caption\":\"Dekolserviss Ltd\"},\"image\":{\"@id\":\"https:\/\/ornandum.lv\/en\/#\/schema\/logo\/image\/\"},\"sameAs\":[\"https:\/\/www.facebook.com\/traukuapdruka\/\",\"https:\/\/www.instagram.com\/ornandum_tablewareprint\/?hl=en\"]}]}<\/script>\n<!-- \/ Yoast SEO plugin. -->","yoast_head_json":{"title":"Boss \u0161\u0137\u012bvis balts, 31cm - Ornandum \u0161\u0137\u012bvju apdruka","description":"Balts \u0161\u0137\u012bvis 31cm, porcel\u0101na, klasisks lieliski piem\u0113rots visnotur\u012bg\u0101k\u0101s trauku apdrukai. Dekoldruka kvalitat\u012bv\u0101k\u0101 apdruka.","robots":{"index":"index","follow":"follow","max-snippet":"max-snippet:-1","max-image-preview":"max-image-preview:large","max-video-preview":"max-video-preview:-1"},"canonical":"https:\/\/ornandum.lv\/en\/katalogs\/tableware-print\/plates\/boss-skivis-balts-31cm\/","og_locale":"en_US","og_type":"article","og_title":"Boss \u0161\u0137\u012bvis balts, 31cm - Ornandum \u0161\u0137\u012bvju apdruka","og_description":"Balts \u0161\u0137\u012bvis 31cm, porcel\u0101na, klasisks lieliski piem\u0113rots visnotur\u012bg\u0101k\u0101s trauku apdrukai. Dekoldruka kvalitat\u012bv\u0101k\u0101 apdruka.","og_url":"https:\/\/ornandum.lv\/en\/katalogs\/tableware-print\/plates\/boss-skivis-balts-31cm\/","og_site_name":"Ornandum","article_publisher":"https:\/\/www.facebook.com\/traukuapdruka\/","article_modified_time":"2024-04-05T01:04:47+00:00","og_image":[{"width":800,"height":800,"url":"https:\/\/ornandum.lv\/wp-content\/uploads\/2020\/09\/ornandum-traukuapdruka-katalogs-skivji-boss-27.jpg","type":"image\/jpeg"}],"twitter_card":"summary_large_image","twitter_misc":{"Est. reading time":"1 minute"},"schema":{"@context":"https:\/\/schema.org","@graph":[{"@type":"WebPage","@id":"https:\/\/ornandum.lv\/en\/katalogs\/tableware-print\/plates\/boss-skivis-balts-31cm\/","url":"https:\/\/ornandum.lv\/en\/katalogs\/tableware-print\/plates\/boss-skivis-balts-31cm\/","name":"Boss \u0161\u0137\u012bvis balts, 31cm - Ornandum \u0161\u0137\u012bvju apdruka","isPartOf":{"@id":"https:\/\/ornandum.lv\/en\/#website"},"primaryImageOfPage":{"@id":"https:\/\/ornandum.lv\/en\/katalogs\/tableware-print\/plates\/boss-skivis-balts-31cm\/#primaryimage"},"image":{"@id":"https:\/\/ornandum.lv\/en\/katalogs\/tableware-print\/plates\/boss-skivis-balts-31cm\/#primaryimage"},"thumbnailUrl":"https:\/\/ornandum.lv\/wp-content\/uploads\/2020\/09\/ornandum-traukuapdruka-katalogs-skivji-boss-27.jpg","datePublished":"2021-08-31T10:50:29+00:00","dateModified":"2024-04-05T01:04:47+00:00","description":"Balts \u0161\u0137\u012bvis 31cm, porcel\u0101na, klasisks lieliski piem\u0113rots visnotur\u012bg\u0101k\u0101s trauku apdrukai. Dekoldruka kvalitat\u012bv\u0101k\u0101 apdruka.","breadcrumb":{"@id":"https:\/\/ornandum.lv\/en\/katalogs\/tableware-print\/plates\/boss-skivis-balts-31cm\/#breadcrumb"},"inLanguage":"en-US","potentialAction":[{"@type":"ReadAction","target":["https:\/\/ornandum.lv\/en\/katalogs\/tableware-print\/plates\/boss-skivis-balts-31cm\/"]}]},{"@type":"ImageObject","inLanguage":"en-US","@id":"https:\/\/ornandum.lv\/en\/katalogs\/tableware-print\/plates\/boss-skivis-balts-31cm\/#primaryimage","url":"https:\/\/ornandum.lv\/wp-content\/uploads\/2020\/09\/ornandum-traukuapdruka-katalogs-skivji-boss-27.jpg","contentUrl":"https:\/\/ornandum.lv\/wp-content\/uploads\/2020\/09\/ornandum-traukuapdruka-katalogs-skivji-boss-27.jpg","width":800,"height":800,"caption":"ornandum-traukuapdruka-katalogs-skivji-boss-27"},{"@type":"BreadcrumbList","@id":"https:\/\/ornandum.lv\/en\/katalogs\/tableware-print\/plates\/boss-skivis-balts-31cm\/#breadcrumb","itemListElement":[{"@type":"ListItem","position":1,"name":"Home","item":"https:\/\/ornandum.lv\/en\/"},{"@type":"ListItem","position":2,"name":"Shop","item":"https:\/\/ornandum.lv\/en\/shop\/"},{"@type":"ListItem","position":3,"name":"Boss \u0161\u0137\u012bvis balts, 31cm"}]},{"@type":"WebSite","@id":"https:\/\/ornandum.lv\/en\/#website","url":"https:\/\/ornandum.lv\/en\/","name":"Ornandum","description":"Trauku apdruka un prezentrekl\u0101ma","publisher":{"@id":"https:\/\/ornandum.lv\/en\/#organization"},"potentialAction":[{"@type":"SearchAction","target":{"@type":"EntryPoint","urlTemplate":"https:\/\/ornandum.lv\/en\/?s={search_term_string}"},"query-input":{"@type":"PropertyValueSpecification","valueRequired":true,"valueName":"search_term_string"}}],"inLanguage":"en-US"},{"@type":"Organization","@id":"https:\/\/ornandum.lv\/en\/#organization","name":"Dekolserviss Ltd","url":"https:\/\/ornandum.lv\/en\/","logo":{"@type":"ImageObject","inLanguage":"en-US","@id":"https:\/\/ornandum.lv\/en\/#\/schema\/logo\/image\/","url":"https:\/\/ornandum.lv\/wp-content\/uploads\/2019\/11\/cropped-Header_logo.png","contentUrl":"https:\/\/ornandum.lv\/wp-content\/uploads\/2019\/11\/cropped-Header_logo.png","width":221,"height":70,"caption":"Dekolserviss Ltd"},"image":{"@id":"https:\/\/ornandum.lv\/en\/#\/schema\/logo\/image\/"},"sameAs":["https:\/\/www.facebook.com\/traukuapdruka\/","https:\/\/www.instagram.com\/ornandum_tablewareprint\/?hl=en"]}]}},"_links":{"self":[{"href":"https:\/\/ornandum.lv\/en\/wp-json\/wp\/v2\/product\/8355","targetHints":{"allow":["GET"]}}],"collection":[{"href":"https:\/\/ornandum.lv\/en\/wp-json\/wp\/v2\/product"}],"about":[{"href":"https:\/\/ornandum.lv\/en\/wp-json\/wp\/v2\/types\/product"}],"replies":[{"embeddable":true,"href":"https:\/\/ornandum.lv\/en\/wp-json\/wp\/v2\/comments?post=8355"}],"wp:featuredmedia":[{"embeddable":true,"href":"https:\/\/ornandum.lv\/en\/wp-json\/wp\/v2\/media\/4237"}],"wp:attachment":[{"href":"https:\/\/ornandum.lv\/en\/wp-json\/wp\/v2\/media?parent=8355"}],"wp:term":[{"taxonomy":"product_brand","embeddable":true,"href":"https:\/\/ornandum.lv\/en\/wp-json\/wp\/v2\/product_brand?post=8355"},{"taxonomy":"product_cat","embeddable":true,"href":"https:\/\/ornandum.lv\/en\/wp-json\/wp\/v2\/product_cat?post=8355"},{"taxonomy":"product_tag","embeddable":true,"href":"https:\/\/ornandum.lv\/en\/wp-json\/wp\/v2\/product_tag?post=8355"}],"curies":[{"name":"wp","href":"https:\/\/api.w.org\/{rel}","templated":true}]}}