{"id":8599,"date":"2022-09-16T13:05:27","date_gmt":"2022-09-16T10:05:27","guid":{"rendered":"https:\/\/ornandum.lv\/?post_type=product&#038;p=8599"},"modified":"2024-04-05T04:01:02","modified_gmt":"2024-04-05T01:01:02","slug":"kenya-kruze-balta-ar-bambusa-vacinu-380ml","status":"publish","type":"product","link":"https:\/\/ornandum.lv\/en\/katalogs\/tableware-print\/mugs\/kenya-kruze-balta-ar-bambusa-vacinu-380ml\/","title":{"rendered":"Kenya kr\u016bze balta ar bambusa v\u0101ci\u0146u, 380ml"},"content":{"rendered":"<p><strong>Kenya balta kr\u016bze ar bambusa v\u0101ci\u0146u un karot\u012bti, 380ml. Kr\u016bze izgatavota no porcel\u0101na.<\/strong>\u00a0<strong>Kr\u016bze piejama uz pas\u016bt\u012bjumu, minim\u0101lais skaits 24 gab.<\/strong> Kr\u016bzi ir iesp\u0113jams apdruk\u0101t no vienas vai ab\u0101m pus\u0113m, visapk\u0101rt, iek\u0161pus\u0113 un apak\u0161\u0101. Dekoldrukai uz kr\u016bzes nav laukuma ierobe\u017eojuma.<\/p>\n<p>K\u0101 pas\u016bt\u012bt? Izv\u0113lies kr\u016bzi, s\u016bti mums zi\u0146u ar kr\u016b\u017eu skaitu, pl\u0101noto kr\u0101su skaitu dizain\u0101 un m\u0113s sniegsim prec\u012bzu apdrukas cenu, dro\u0161i izmanto zem\u0101k eso\u0161o cenu kalkulatoru.\u00a0\u00a0Apdrukas piem\u0113rus skatiet galerij\u0101 <a href=\"https:\/\/ornandum.lv\/apdrukas-darbi\/\">\u201cApdrukas darbi\u201d<\/a>\u00a0.<\/p>\n<p>Inform\u0101cija par kr\u016bz\u0113m ar logo: P\u0101rdom\u0101ta rekl\u0101mas kr\u016bze var veicin\u0101t z\u012bmola iedz\u012bvo\u0161anos J\u016bsu potenci\u0101l\u0101 klienta ikdien\u0101. Prezentrekl\u0101mas kr\u016bzei k\u013c\u016bstot par potenci\u0101l\u0101 vai eso\u0161\u0101 klienta ikdienas sast\u0101vda\u013cu J\u016bsu\u00a0 uz\u0146\u0113muma v\u0113st\u012bjums tiek nodots pla\u0161am klientu lokam. At\u0161\u0137ir\u012bb\u0101 no ska\u013c\u0101m rekl\u0101m\u0101m kr\u016bzes ar logo nav uzm\u0101c\u012bgas un jebkuram cilv\u0113kam pat\u012bk silts dz\u0113riens \u2013\u00a0 t\u0113ja, kafija vai iecien\u012btais kakao. Rekl\u0101mas kr\u016bze ir v\u0113rt\u012bba, kas mudina klientu uztic\u0113ties.<\/p>\n<p>Interesanta un kreat\u012bva kr\u016bzes apdruka un t\u0101s pasnieg\u0161anas veids var b\u016bt lielisks biznesa sarunu s\u0101kums. Kr\u016bze ar logo darbojas l\u012bdz\u012bgi k\u0101 viz\u012btkarte, jo tas ir veids k\u0101 potenci\u0101lie klienti atcer\u0113sies uz\u0146\u0113mumu. Kr\u016bze at\u0161\u0137\u012br\u012bb\u0101 no viz\u012btkartes nenon\u0101ks atvilktnes dzi\u013c\u0101kaj\u0101 st\u016br\u012b. Papildus kr\u016bzi ar J\u016bsu logo redz\u0113s ar\u012b citi potenci\u0101lie klienti.<\/p>\n<p>&nbsp;<\/p>\n<p>&nbsp;<\/p>\n","protected":false},"excerpt":{"rendered":"<p><strong>Kenya balta kr\u016bze ar bambusa v\u0101ci\u0146u un karot\u012bti, 380ml. Kr\u016bze izgatavota no porcel\u0101na.<\/strong>\u00a0<strong>Kr\u016bze piejama uz pas\u016bt\u012bjumu, minim\u0101lais skaits 24 gab.<\/strong> Kr\u016bzi ir iesp\u0113jams apdruk\u0101t no vienas vai ab\u0101m pus\u0113m, visapk\u0101rt, iek\u0161pus\u0113 un apak\u0161\u0101. Dekoldrukai uz kr\u016bzes nav laukuma ierobe\u017eojuma.<\/p>\n<p>&nbsp;<\/p>\n","protected":false},"featured_media":8602,"comment_status":"open","ping_status":"closed","template":"","meta":{"_acf_changed":false},"product_brand":[],"product_cat":[265],"product_tag":[],"class_list":{"0":"post-8599","1":"product","2":"type-product","3":"status-publish","4":"has-post-thumbnail","6":"product_cat-mugs","7":"pa_augstums-100mm-en","8":"pa_diametrs-95mm-en","9":"pa_materials-porcelain","10":"pa_tilpums-380ml-en","12":"first","13":"instock","14":"taxable","15":"shipping-taxable","16":"purchasable","17":"product-type-simple"},"acf":[],"yoast_head":"<!-- This site is optimized with the Yoast SEO plugin v25.2 - https:\/\/yoast.com\/wordpress\/plugins\/seo\/ -->\n<title>Kenya kr\u016bze balta ar bambusa v\u0101ci\u0146u, 380ml - Ornandum<\/title>\n<meta name=\"description\" content=\"Apdruk\u0101jam notur\u012bg\u0101k\u0101ja dekola tehnolo\u0123ij\u0101 kr\u016bzes ar uz\u0146\u0113muma logotipu, sauk\u013ciem. Apdruk\u0101tos traukus var mazg\u0101t trauku ma\u0161\u012bn\u0101.\" \/>\n<meta name=\"robots\" content=\"index, follow, max-snippet:-1, max-image-preview:large, max-video-preview:-1\" \/>\n<link rel=\"canonical\" href=\"https:\/\/ornandum.lv\/en\/katalogs\/tableware-print\/mugs\/kenya-kruze-balta-ar-bambusa-vacinu-380ml\/\" \/>\n<meta property=\"og:locale\" content=\"en_US\" \/>\n<meta property=\"og:type\" content=\"article\" \/>\n<meta property=\"og:title\" content=\"Kenya kr\u016bze balta ar bambusa v\u0101ci\u0146u, 380ml - Ornandum\" \/>\n<meta property=\"og:description\" content=\"Apdruk\u0101jam notur\u012bg\u0101k\u0101ja dekola tehnolo\u0123ij\u0101 kr\u016bzes ar uz\u0146\u0113muma logotipu, sauk\u013ciem. Apdruk\u0101tos traukus var mazg\u0101t trauku ma\u0161\u012bn\u0101.\" \/>\n<meta property=\"og:url\" content=\"https:\/\/ornandum.lv\/en\/katalogs\/tableware-print\/mugs\/kenya-kruze-balta-ar-bambusa-vacinu-380ml\/\" \/>\n<meta property=\"og:site_name\" content=\"Ornandum\" \/>\n<meta property=\"article:publisher\" content=\"https:\/\/www.facebook.com\/traukuapdruka\/\" \/>\n<meta property=\"article:modified_time\" content=\"2024-04-05T01:01:02+00:00\" \/>\n<meta property=\"og:image\" content=\"https:\/\/ornandum.lv\/wp-content\/uploads\/2022\/09\/ornandum-traukuapdruka-kruzes-balta-kenya.jpeg\" \/>\n\t<meta property=\"og:image:width\" content=\"700\" \/>\n\t<meta property=\"og:image:height\" content=\"700\" \/>\n\t<meta property=\"og:image:type\" content=\"image\/jpeg\" \/>\n<meta name=\"twitter:card\" content=\"summary_large_image\" \/>\n<meta name=\"twitter:label1\" content=\"Est. reading time\" \/>\n\t<meta name=\"twitter:data1\" content=\"1 minute\" \/>\n<script type=\"application\/ld+json\" class=\"yoast-schema-graph\">{\"@context\":\"https:\/\/schema.org\",\"@graph\":[{\"@type\":\"WebPage\",\"@id\":\"https:\/\/ornandum.lv\/en\/katalogs\/tableware-print\/mugs\/kenya-kruze-balta-ar-bambusa-vacinu-380ml\/\",\"url\":\"https:\/\/ornandum.lv\/en\/katalogs\/tableware-print\/mugs\/kenya-kruze-balta-ar-bambusa-vacinu-380ml\/\",\"name\":\"Kenya kr\u016bze balta ar bambusa v\u0101ci\u0146u, 380ml - Ornandum\",\"isPartOf\":{\"@id\":\"https:\/\/ornandum.lv\/en\/#website\"},\"primaryImageOfPage\":{\"@id\":\"https:\/\/ornandum.lv\/en\/katalogs\/tableware-print\/mugs\/kenya-kruze-balta-ar-bambusa-vacinu-380ml\/#primaryimage\"},\"image\":{\"@id\":\"https:\/\/ornandum.lv\/en\/katalogs\/tableware-print\/mugs\/kenya-kruze-balta-ar-bambusa-vacinu-380ml\/#primaryimage\"},\"thumbnailUrl\":\"https:\/\/ornandum.lv\/wp-content\/uploads\/2022\/09\/ornandum-traukuapdruka-kruzes-balta-kenya.jpeg\",\"datePublished\":\"2022-09-16T10:05:27+00:00\",\"dateModified\":\"2024-04-05T01:01:02+00:00\",\"description\":\"Apdruk\u0101jam notur\u012bg\u0101k\u0101ja dekola tehnolo\u0123ij\u0101 kr\u016bzes ar uz\u0146\u0113muma logotipu, sauk\u013ciem. Apdruk\u0101tos traukus var mazg\u0101t trauku ma\u0161\u012bn\u0101.\",\"breadcrumb\":{\"@id\":\"https:\/\/ornandum.lv\/en\/katalogs\/tableware-print\/mugs\/kenya-kruze-balta-ar-bambusa-vacinu-380ml\/#breadcrumb\"},\"inLanguage\":\"en-US\",\"potentialAction\":[{\"@type\":\"ReadAction\",\"target\":[\"https:\/\/ornandum.lv\/en\/katalogs\/tableware-print\/mugs\/kenya-kruze-balta-ar-bambusa-vacinu-380ml\/\"]}]},{\"@type\":\"ImageObject\",\"inLanguage\":\"en-US\",\"@id\":\"https:\/\/ornandum.lv\/en\/katalogs\/tableware-print\/mugs\/kenya-kruze-balta-ar-bambusa-vacinu-380ml\/#primaryimage\",\"url\":\"https:\/\/ornandum.lv\/wp-content\/uploads\/2022\/09\/ornandum-traukuapdruka-kruzes-balta-kenya.jpeg\",\"contentUrl\":\"https:\/\/ornandum.lv\/wp-content\/uploads\/2022\/09\/ornandum-traukuapdruka-kruzes-balta-kenya.jpeg\",\"width\":700,\"height\":700,\"caption\":\"ornandum-traukuapdruka-kruzes-balta-kenya\"},{\"@type\":\"BreadcrumbList\",\"@id\":\"https:\/\/ornandum.lv\/en\/katalogs\/tableware-print\/mugs\/kenya-kruze-balta-ar-bambusa-vacinu-380ml\/#breadcrumb\",\"itemListElement\":[{\"@type\":\"ListItem\",\"position\":1,\"name\":\"Home\",\"item\":\"https:\/\/ornandum.lv\/en\/\"},{\"@type\":\"ListItem\",\"position\":2,\"name\":\"Shop\",\"item\":\"https:\/\/ornandum.lv\/en\/shop\/\"},{\"@type\":\"ListItem\",\"position\":3,\"name\":\"Kenya kr\u016bze balta ar bambusa v\u0101ci\u0146u, 380ml\"}]},{\"@type\":\"WebSite\",\"@id\":\"https:\/\/ornandum.lv\/en\/#website\",\"url\":\"https:\/\/ornandum.lv\/en\/\",\"name\":\"Ornandum\",\"description\":\"Trauku apdruka un prezentrekl\u0101ma\",\"publisher\":{\"@id\":\"https:\/\/ornandum.lv\/en\/#organization\"},\"potentialAction\":[{\"@type\":\"SearchAction\",\"target\":{\"@type\":\"EntryPoint\",\"urlTemplate\":\"https:\/\/ornandum.lv\/en\/?s={search_term_string}\"},\"query-input\":{\"@type\":\"PropertyValueSpecification\",\"valueRequired\":true,\"valueName\":\"search_term_string\"}}],\"inLanguage\":\"en-US\"},{\"@type\":\"Organization\",\"@id\":\"https:\/\/ornandum.lv\/en\/#organization\",\"name\":\"Dekolserviss Ltd\",\"url\":\"https:\/\/ornandum.lv\/en\/\",\"logo\":{\"@type\":\"ImageObject\",\"inLanguage\":\"en-US\",\"@id\":\"https:\/\/ornandum.lv\/en\/#\/schema\/logo\/image\/\",\"url\":\"https:\/\/ornandum.lv\/wp-content\/uploads\/2019\/11\/cropped-Header_logo.png\",\"contentUrl\":\"https:\/\/ornandum.lv\/wp-content\/uploads\/2019\/11\/cropped-Header_logo.png\",\"width\":221,\"height\":70,\"caption\":\"Dekolserviss Ltd\"},\"image\":{\"@id\":\"https:\/\/ornandum.lv\/en\/#\/schema\/logo\/image\/\"},\"sameAs\":[\"https:\/\/www.facebook.com\/traukuapdruka\/\",\"https:\/\/www.instagram.com\/ornandum_tablewareprint\/?hl=en\"]}]}<\/script>\n<!-- \/ Yoast SEO plugin. -->","yoast_head_json":{"title":"Kenya kr\u016bze balta ar bambusa v\u0101ci\u0146u, 380ml - Ornandum","description":"Apdruk\u0101jam notur\u012bg\u0101k\u0101ja dekola tehnolo\u0123ij\u0101 kr\u016bzes ar uz\u0146\u0113muma logotipu, sauk\u013ciem. Apdruk\u0101tos traukus var mazg\u0101t trauku ma\u0161\u012bn\u0101.","robots":{"index":"index","follow":"follow","max-snippet":"max-snippet:-1","max-image-preview":"max-image-preview:large","max-video-preview":"max-video-preview:-1"},"canonical":"https:\/\/ornandum.lv\/en\/katalogs\/tableware-print\/mugs\/kenya-kruze-balta-ar-bambusa-vacinu-380ml\/","og_locale":"en_US","og_type":"article","og_title":"Kenya kr\u016bze balta ar bambusa v\u0101ci\u0146u, 380ml - Ornandum","og_description":"Apdruk\u0101jam notur\u012bg\u0101k\u0101ja dekola tehnolo\u0123ij\u0101 kr\u016bzes ar uz\u0146\u0113muma logotipu, sauk\u013ciem. Apdruk\u0101tos traukus var mazg\u0101t trauku ma\u0161\u012bn\u0101.","og_url":"https:\/\/ornandum.lv\/en\/katalogs\/tableware-print\/mugs\/kenya-kruze-balta-ar-bambusa-vacinu-380ml\/","og_site_name":"Ornandum","article_publisher":"https:\/\/www.facebook.com\/traukuapdruka\/","article_modified_time":"2024-04-05T01:01:02+00:00","og_image":[{"width":700,"height":700,"url":"https:\/\/ornandum.lv\/wp-content\/uploads\/2022\/09\/ornandum-traukuapdruka-kruzes-balta-kenya.jpeg","type":"image\/jpeg"}],"twitter_card":"summary_large_image","twitter_misc":{"Est. reading time":"1 minute"},"schema":{"@context":"https:\/\/schema.org","@graph":[{"@type":"WebPage","@id":"https:\/\/ornandum.lv\/en\/katalogs\/tableware-print\/mugs\/kenya-kruze-balta-ar-bambusa-vacinu-380ml\/","url":"https:\/\/ornandum.lv\/en\/katalogs\/tableware-print\/mugs\/kenya-kruze-balta-ar-bambusa-vacinu-380ml\/","name":"Kenya kr\u016bze balta ar bambusa v\u0101ci\u0146u, 380ml - Ornandum","isPartOf":{"@id":"https:\/\/ornandum.lv\/en\/#website"},"primaryImageOfPage":{"@id":"https:\/\/ornandum.lv\/en\/katalogs\/tableware-print\/mugs\/kenya-kruze-balta-ar-bambusa-vacinu-380ml\/#primaryimage"},"image":{"@id":"https:\/\/ornandum.lv\/en\/katalogs\/tableware-print\/mugs\/kenya-kruze-balta-ar-bambusa-vacinu-380ml\/#primaryimage"},"thumbnailUrl":"https:\/\/ornandum.lv\/wp-content\/uploads\/2022\/09\/ornandum-traukuapdruka-kruzes-balta-kenya.jpeg","datePublished":"2022-09-16T10:05:27+00:00","dateModified":"2024-04-05T01:01:02+00:00","description":"Apdruk\u0101jam notur\u012bg\u0101k\u0101ja dekola tehnolo\u0123ij\u0101 kr\u016bzes ar uz\u0146\u0113muma logotipu, sauk\u013ciem. Apdruk\u0101tos traukus var mazg\u0101t trauku ma\u0161\u012bn\u0101.","breadcrumb":{"@id":"https:\/\/ornandum.lv\/en\/katalogs\/tableware-print\/mugs\/kenya-kruze-balta-ar-bambusa-vacinu-380ml\/#breadcrumb"},"inLanguage":"en-US","potentialAction":[{"@type":"ReadAction","target":["https:\/\/ornandum.lv\/en\/katalogs\/tableware-print\/mugs\/kenya-kruze-balta-ar-bambusa-vacinu-380ml\/"]}]},{"@type":"ImageObject","inLanguage":"en-US","@id":"https:\/\/ornandum.lv\/en\/katalogs\/tableware-print\/mugs\/kenya-kruze-balta-ar-bambusa-vacinu-380ml\/#primaryimage","url":"https:\/\/ornandum.lv\/wp-content\/uploads\/2022\/09\/ornandum-traukuapdruka-kruzes-balta-kenya.jpeg","contentUrl":"https:\/\/ornandum.lv\/wp-content\/uploads\/2022\/09\/ornandum-traukuapdruka-kruzes-balta-kenya.jpeg","width":700,"height":700,"caption":"ornandum-traukuapdruka-kruzes-balta-kenya"},{"@type":"BreadcrumbList","@id":"https:\/\/ornandum.lv\/en\/katalogs\/tableware-print\/mugs\/kenya-kruze-balta-ar-bambusa-vacinu-380ml\/#breadcrumb","itemListElement":[{"@type":"ListItem","position":1,"name":"Home","item":"https:\/\/ornandum.lv\/en\/"},{"@type":"ListItem","position":2,"name":"Shop","item":"https:\/\/ornandum.lv\/en\/shop\/"},{"@type":"ListItem","position":3,"name":"Kenya kr\u016bze balta ar bambusa v\u0101ci\u0146u, 380ml"}]},{"@type":"WebSite","@id":"https:\/\/ornandum.lv\/en\/#website","url":"https:\/\/ornandum.lv\/en\/","name":"Ornandum","description":"Trauku apdruka un prezentrekl\u0101ma","publisher":{"@id":"https:\/\/ornandum.lv\/en\/#organization"},"potentialAction":[{"@type":"SearchAction","target":{"@type":"EntryPoint","urlTemplate":"https:\/\/ornandum.lv\/en\/?s={search_term_string}"},"query-input":{"@type":"PropertyValueSpecification","valueRequired":true,"valueName":"search_term_string"}}],"inLanguage":"en-US"},{"@type":"Organization","@id":"https:\/\/ornandum.lv\/en\/#organization","name":"Dekolserviss Ltd","url":"https:\/\/ornandum.lv\/en\/","logo":{"@type":"ImageObject","inLanguage":"en-US","@id":"https:\/\/ornandum.lv\/en\/#\/schema\/logo\/image\/","url":"https:\/\/ornandum.lv\/wp-content\/uploads\/2019\/11\/cropped-Header_logo.png","contentUrl":"https:\/\/ornandum.lv\/wp-content\/uploads\/2019\/11\/cropped-Header_logo.png","width":221,"height":70,"caption":"Dekolserviss Ltd"},"image":{"@id":"https:\/\/ornandum.lv\/en\/#\/schema\/logo\/image\/"},"sameAs":["https:\/\/www.facebook.com\/traukuapdruka\/","https:\/\/www.instagram.com\/ornandum_tablewareprint\/?hl=en"]}]}},"_links":{"self":[{"href":"https:\/\/ornandum.lv\/en\/wp-json\/wp\/v2\/product\/8599","targetHints":{"allow":["GET"]}}],"collection":[{"href":"https:\/\/ornandum.lv\/en\/wp-json\/wp\/v2\/product"}],"about":[{"href":"https:\/\/ornandum.lv\/en\/wp-json\/wp\/v2\/types\/product"}],"replies":[{"embeddable":true,"href":"https:\/\/ornandum.lv\/en\/wp-json\/wp\/v2\/comments?post=8599"}],"wp:featuredmedia":[{"embeddable":true,"href":"https:\/\/ornandum.lv\/en\/wp-json\/wp\/v2\/media\/8602"}],"wp:attachment":[{"href":"https:\/\/ornandum.lv\/en\/wp-json\/wp\/v2\/media?parent=8599"}],"wp:term":[{"taxonomy":"product_brand","embeddable":true,"href":"https:\/\/ornandum.lv\/en\/wp-json\/wp\/v2\/product_brand?post=8599"},{"taxonomy":"product_cat","embeddable":true,"href":"https:\/\/ornandum.lv\/en\/wp-json\/wp\/v2\/product_cat?post=8599"},{"taxonomy":"product_tag","embeddable":true,"href":"https:\/\/ornandum.lv\/en\/wp-json\/wp\/v2\/product_tag?post=8599"}],"curies":[{"name":"wp","href":"https:\/\/api.w.org\/{rel}","templated":true}]}}