{"id":9226,"date":"2023-02-21T13:18:19","date_gmt":"2023-02-21T11:18:19","guid":{"rendered":"https:\/\/ornandum.lv\/?post_type=product&#038;p=9226"},"modified":"2023-02-21T13:45:28","modified_gmt":"2023-02-21T11:45:28","slug":"lim-kruze-mateta-melna-zala-290ml","status":"publish","type":"product","link":"https:\/\/ornandum.lv\/en\/katalogs\/tableware-print\/mugs\/lim-kruze-mateta-melna-zala-290ml\/","title":{"rendered":"Lim kr\u016bze mat\u0113ta melna\/za\u013ca, 290ml"},"content":{"rendered":"<p><strong>Lim kr\u016bze mat\u0113ta melna\/za\u013ca, 290ml.<\/strong> <strong>Minim\u0101lais pas\u016bt\u012bjums 36 gab.\u00a0<\/strong>Mat\u0113ta keramikas kr\u016bze ar kr\u0101sainu glanc\u0113tu iek\u0161pusi. Kr\u016bzi iesp\u0113jams apdruk\u0101t no vienas vai ab\u0101m pus\u0113m, visapk\u0101rt, iek\u0161pus\u0113 un apak\u0161\u0101. Dekoldrukai uz kr\u016bzes nav apdrukas laukuma ierobe\u017eojuma.<\/p>\n<p>&nbsp;<\/p>\n<p>&nbsp;<\/p>\n","protected":false},"excerpt":{"rendered":"<p><strong>Lim kr\u016bze mat\u0113ta melna\/za\u013ca, 290ml. Minim\u0101lais pas\u016bt\u012bjums 36 gab. <\/strong>Mat\u0113ta keramikas kr\u016bze ar kr\u0101sainu glanc\u0113tu iek\u0161pusi. Kr\u016bzi iesp\u0113jams apdruk\u0101t no vienas vai ab\u0101m pus\u0113m, visapk\u0101rt, iek\u0161pus\u0113 un apak\u0161\u0101. Dekoldrukai uz kr\u016bzes nav apdrukas laukuma ierobe\u017eojuma.<\/p>\n<p>&nbsp;<\/p>\n<p>&nbsp;<\/p>\n","protected":false},"featured_media":9232,"comment_status":"open","ping_status":"closed","template":"","meta":{"_acf_changed":false},"product_brand":[],"product_cat":[265],"product_tag":[],"class_list":{"0":"post-9226","1":"product","2":"type-product","3":"status-publish","4":"has-post-thumbnail","6":"product_cat-mugs","7":"pa_augstums-102mm-en","8":"pa_diametrs-85mm-en","9":"pa_materials-ceramic","10":"pa_tilpums-290ml-en","12":"first","13":"onbackorder","14":"taxable","15":"shipping-taxable","16":"purchasable","17":"product-type-simple"},"acf":[],"yoast_head":"<!-- This site is optimized with the Yoast SEO plugin v25.2 - https:\/\/yoast.com\/wordpress\/plugins\/seo\/ -->\n<title>Lim kr\u016bze mat\u0113ta melna\/za\u013ca, 290ml - Ornandum trauku apdruka<\/title>\n<meta name=\"description\" content=\"Apdruk\u0101jam notur\u012bg\u0101k\u0101ja dekola tehnolo\u0123ij\u0101 kr\u016bzes ar uz\u0146\u0113muma logotipu, sauk\u013ciem. Apdruk\u0101tos traukus var mazg\u0101t trauku ma\u0161\u012bn\u0101.\" \/>\n<meta name=\"robots\" content=\"index, follow, max-snippet:-1, max-image-preview:large, max-video-preview:-1\" \/>\n<link rel=\"canonical\" href=\"https:\/\/ornandum.lv\/en\/katalogs\/tableware-print\/mugs\/lim-kruze-mateta-melna-zala-290ml\/\" \/>\n<meta property=\"og:locale\" content=\"en_US\" \/>\n<meta property=\"og:type\" content=\"article\" \/>\n<meta property=\"og:title\" content=\"Lim kr\u016bze mat\u0113ta melna\/za\u013ca, 290ml - Ornandum trauku apdruka\" \/>\n<meta property=\"og:description\" content=\"Apdruk\u0101jam notur\u012bg\u0101k\u0101ja dekola tehnolo\u0123ij\u0101 kr\u016bzes ar uz\u0146\u0113muma logotipu, sauk\u013ciem. Apdruk\u0101tos traukus var mazg\u0101t trauku ma\u0161\u012bn\u0101.\" \/>\n<meta property=\"og:url\" content=\"https:\/\/ornandum.lv\/en\/katalogs\/tableware-print\/mugs\/lim-kruze-mateta-melna-zala-290ml\/\" \/>\n<meta property=\"og:site_name\" content=\"Ornandum\" \/>\n<meta property=\"article:publisher\" content=\"https:\/\/www.facebook.com\/traukuapdruka\/\" \/>\n<meta property=\"article:modified_time\" content=\"2023-02-21T11:45:28+00:00\" \/>\n<meta property=\"og:image\" content=\"https:\/\/ornandum.lv\/wp-content\/uploads\/2023\/02\/ornandum-traukuapdruka-katalogs-kruzes-lim-melns-zals-290ml.jpeg\" \/>\n\t<meta property=\"og:image:width\" content=\"700\" \/>\n\t<meta property=\"og:image:height\" content=\"700\" \/>\n\t<meta property=\"og:image:type\" content=\"image\/jpeg\" \/>\n<meta name=\"twitter:card\" content=\"summary_large_image\" \/>\n<meta name=\"twitter:label1\" content=\"Est. reading time\" \/>\n\t<meta name=\"twitter:data1\" content=\"1 minute\" \/>\n<script type=\"application\/ld+json\" class=\"yoast-schema-graph\">{\"@context\":\"https:\/\/schema.org\",\"@graph\":[{\"@type\":\"WebPage\",\"@id\":\"https:\/\/ornandum.lv\/en\/katalogs\/tableware-print\/mugs\/lim-kruze-mateta-melna-zala-290ml\/\",\"url\":\"https:\/\/ornandum.lv\/en\/katalogs\/tableware-print\/mugs\/lim-kruze-mateta-melna-zala-290ml\/\",\"name\":\"Lim kr\u016bze mat\u0113ta melna\/za\u013ca, 290ml - Ornandum trauku apdruka\",\"isPartOf\":{\"@id\":\"https:\/\/ornandum.lv\/en\/#website\"},\"primaryImageOfPage\":{\"@id\":\"https:\/\/ornandum.lv\/en\/katalogs\/tableware-print\/mugs\/lim-kruze-mateta-melna-zala-290ml\/#primaryimage\"},\"image\":{\"@id\":\"https:\/\/ornandum.lv\/en\/katalogs\/tableware-print\/mugs\/lim-kruze-mateta-melna-zala-290ml\/#primaryimage\"},\"thumbnailUrl\":\"https:\/\/ornandum.lv\/wp-content\/uploads\/2023\/02\/ornandum-traukuapdruka-katalogs-kruzes-lim-melns-zals-290ml.jpeg\",\"datePublished\":\"2023-02-21T11:18:19+00:00\",\"dateModified\":\"2023-02-21T11:45:28+00:00\",\"description\":\"Apdruk\u0101jam notur\u012bg\u0101k\u0101ja dekola tehnolo\u0123ij\u0101 kr\u016bzes ar uz\u0146\u0113muma logotipu, sauk\u013ciem. Apdruk\u0101tos traukus var mazg\u0101t trauku ma\u0161\u012bn\u0101.\",\"breadcrumb\":{\"@id\":\"https:\/\/ornandum.lv\/en\/katalogs\/tableware-print\/mugs\/lim-kruze-mateta-melna-zala-290ml\/#breadcrumb\"},\"inLanguage\":\"en-US\",\"potentialAction\":[{\"@type\":\"ReadAction\",\"target\":[\"https:\/\/ornandum.lv\/en\/katalogs\/tableware-print\/mugs\/lim-kruze-mateta-melna-zala-290ml\/\"]}]},{\"@type\":\"ImageObject\",\"inLanguage\":\"en-US\",\"@id\":\"https:\/\/ornandum.lv\/en\/katalogs\/tableware-print\/mugs\/lim-kruze-mateta-melna-zala-290ml\/#primaryimage\",\"url\":\"https:\/\/ornandum.lv\/wp-content\/uploads\/2023\/02\/ornandum-traukuapdruka-katalogs-kruzes-lim-melns-zals-290ml.jpeg\",\"contentUrl\":\"https:\/\/ornandum.lv\/wp-content\/uploads\/2023\/02\/ornandum-traukuapdruka-katalogs-kruzes-lim-melns-zals-290ml.jpeg\",\"width\":700,\"height\":700,\"caption\":\"ornandum-traukuapdruka-katalogs-kruzes-lim-melns-zals-290ml\"},{\"@type\":\"BreadcrumbList\",\"@id\":\"https:\/\/ornandum.lv\/en\/katalogs\/tableware-print\/mugs\/lim-kruze-mateta-melna-zala-290ml\/#breadcrumb\",\"itemListElement\":[{\"@type\":\"ListItem\",\"position\":1,\"name\":\"Home\",\"item\":\"https:\/\/ornandum.lv\/en\/\"},{\"@type\":\"ListItem\",\"position\":2,\"name\":\"Shop\",\"item\":\"https:\/\/ornandum.lv\/en\/shop\/\"},{\"@type\":\"ListItem\",\"position\":3,\"name\":\"Lim kr\u016bze mat\u0113ta melna\/za\u013ca, 290ml\"}]},{\"@type\":\"WebSite\",\"@id\":\"https:\/\/ornandum.lv\/en\/#website\",\"url\":\"https:\/\/ornandum.lv\/en\/\",\"name\":\"Ornandum\",\"description\":\"Trauku apdruka un prezentrekl\u0101ma\",\"publisher\":{\"@id\":\"https:\/\/ornandum.lv\/en\/#organization\"},\"potentialAction\":[{\"@type\":\"SearchAction\",\"target\":{\"@type\":\"EntryPoint\",\"urlTemplate\":\"https:\/\/ornandum.lv\/en\/?s={search_term_string}\"},\"query-input\":{\"@type\":\"PropertyValueSpecification\",\"valueRequired\":true,\"valueName\":\"search_term_string\"}}],\"inLanguage\":\"en-US\"},{\"@type\":\"Organization\",\"@id\":\"https:\/\/ornandum.lv\/en\/#organization\",\"name\":\"Dekolserviss Ltd\",\"url\":\"https:\/\/ornandum.lv\/en\/\",\"logo\":{\"@type\":\"ImageObject\",\"inLanguage\":\"en-US\",\"@id\":\"https:\/\/ornandum.lv\/en\/#\/schema\/logo\/image\/\",\"url\":\"https:\/\/ornandum.lv\/wp-content\/uploads\/2019\/11\/cropped-Header_logo.png\",\"contentUrl\":\"https:\/\/ornandum.lv\/wp-content\/uploads\/2019\/11\/cropped-Header_logo.png\",\"width\":221,\"height\":70,\"caption\":\"Dekolserviss Ltd\"},\"image\":{\"@id\":\"https:\/\/ornandum.lv\/en\/#\/schema\/logo\/image\/\"},\"sameAs\":[\"https:\/\/www.facebook.com\/traukuapdruka\/\",\"https:\/\/www.instagram.com\/ornandum_tablewareprint\/?hl=en\"]}]}<\/script>\n<!-- \/ Yoast SEO plugin. -->","yoast_head_json":{"title":"Lim kr\u016bze mat\u0113ta melna\/za\u013ca, 290ml - Ornandum trauku apdruka","description":"Apdruk\u0101jam notur\u012bg\u0101k\u0101ja dekola tehnolo\u0123ij\u0101 kr\u016bzes ar uz\u0146\u0113muma logotipu, sauk\u013ciem. Apdruk\u0101tos traukus var mazg\u0101t trauku ma\u0161\u012bn\u0101.","robots":{"index":"index","follow":"follow","max-snippet":"max-snippet:-1","max-image-preview":"max-image-preview:large","max-video-preview":"max-video-preview:-1"},"canonical":"https:\/\/ornandum.lv\/en\/katalogs\/tableware-print\/mugs\/lim-kruze-mateta-melna-zala-290ml\/","og_locale":"en_US","og_type":"article","og_title":"Lim kr\u016bze mat\u0113ta melna\/za\u013ca, 290ml - Ornandum trauku apdruka","og_description":"Apdruk\u0101jam notur\u012bg\u0101k\u0101ja dekola tehnolo\u0123ij\u0101 kr\u016bzes ar uz\u0146\u0113muma logotipu, sauk\u013ciem. Apdruk\u0101tos traukus var mazg\u0101t trauku ma\u0161\u012bn\u0101.","og_url":"https:\/\/ornandum.lv\/en\/katalogs\/tableware-print\/mugs\/lim-kruze-mateta-melna-zala-290ml\/","og_site_name":"Ornandum","article_publisher":"https:\/\/www.facebook.com\/traukuapdruka\/","article_modified_time":"2023-02-21T11:45:28+00:00","og_image":[{"width":700,"height":700,"url":"https:\/\/ornandum.lv\/wp-content\/uploads\/2023\/02\/ornandum-traukuapdruka-katalogs-kruzes-lim-melns-zals-290ml.jpeg","type":"image\/jpeg"}],"twitter_card":"summary_large_image","twitter_misc":{"Est. reading time":"1 minute"},"schema":{"@context":"https:\/\/schema.org","@graph":[{"@type":"WebPage","@id":"https:\/\/ornandum.lv\/en\/katalogs\/tableware-print\/mugs\/lim-kruze-mateta-melna-zala-290ml\/","url":"https:\/\/ornandum.lv\/en\/katalogs\/tableware-print\/mugs\/lim-kruze-mateta-melna-zala-290ml\/","name":"Lim kr\u016bze mat\u0113ta melna\/za\u013ca, 290ml - Ornandum trauku apdruka","isPartOf":{"@id":"https:\/\/ornandum.lv\/en\/#website"},"primaryImageOfPage":{"@id":"https:\/\/ornandum.lv\/en\/katalogs\/tableware-print\/mugs\/lim-kruze-mateta-melna-zala-290ml\/#primaryimage"},"image":{"@id":"https:\/\/ornandum.lv\/en\/katalogs\/tableware-print\/mugs\/lim-kruze-mateta-melna-zala-290ml\/#primaryimage"},"thumbnailUrl":"https:\/\/ornandum.lv\/wp-content\/uploads\/2023\/02\/ornandum-traukuapdruka-katalogs-kruzes-lim-melns-zals-290ml.jpeg","datePublished":"2023-02-21T11:18:19+00:00","dateModified":"2023-02-21T11:45:28+00:00","description":"Apdruk\u0101jam notur\u012bg\u0101k\u0101ja dekola tehnolo\u0123ij\u0101 kr\u016bzes ar uz\u0146\u0113muma logotipu, sauk\u013ciem. Apdruk\u0101tos traukus var mazg\u0101t trauku ma\u0161\u012bn\u0101.","breadcrumb":{"@id":"https:\/\/ornandum.lv\/en\/katalogs\/tableware-print\/mugs\/lim-kruze-mateta-melna-zala-290ml\/#breadcrumb"},"inLanguage":"en-US","potentialAction":[{"@type":"ReadAction","target":["https:\/\/ornandum.lv\/en\/katalogs\/tableware-print\/mugs\/lim-kruze-mateta-melna-zala-290ml\/"]}]},{"@type":"ImageObject","inLanguage":"en-US","@id":"https:\/\/ornandum.lv\/en\/katalogs\/tableware-print\/mugs\/lim-kruze-mateta-melna-zala-290ml\/#primaryimage","url":"https:\/\/ornandum.lv\/wp-content\/uploads\/2023\/02\/ornandum-traukuapdruka-katalogs-kruzes-lim-melns-zals-290ml.jpeg","contentUrl":"https:\/\/ornandum.lv\/wp-content\/uploads\/2023\/02\/ornandum-traukuapdruka-katalogs-kruzes-lim-melns-zals-290ml.jpeg","width":700,"height":700,"caption":"ornandum-traukuapdruka-katalogs-kruzes-lim-melns-zals-290ml"},{"@type":"BreadcrumbList","@id":"https:\/\/ornandum.lv\/en\/katalogs\/tableware-print\/mugs\/lim-kruze-mateta-melna-zala-290ml\/#breadcrumb","itemListElement":[{"@type":"ListItem","position":1,"name":"Home","item":"https:\/\/ornandum.lv\/en\/"},{"@type":"ListItem","position":2,"name":"Shop","item":"https:\/\/ornandum.lv\/en\/shop\/"},{"@type":"ListItem","position":3,"name":"Lim kr\u016bze mat\u0113ta melna\/za\u013ca, 290ml"}]},{"@type":"WebSite","@id":"https:\/\/ornandum.lv\/en\/#website","url":"https:\/\/ornandum.lv\/en\/","name":"Ornandum","description":"Trauku apdruka un prezentrekl\u0101ma","publisher":{"@id":"https:\/\/ornandum.lv\/en\/#organization"},"potentialAction":[{"@type":"SearchAction","target":{"@type":"EntryPoint","urlTemplate":"https:\/\/ornandum.lv\/en\/?s={search_term_string}"},"query-input":{"@type":"PropertyValueSpecification","valueRequired":true,"valueName":"search_term_string"}}],"inLanguage":"en-US"},{"@type":"Organization","@id":"https:\/\/ornandum.lv\/en\/#organization","name":"Dekolserviss Ltd","url":"https:\/\/ornandum.lv\/en\/","logo":{"@type":"ImageObject","inLanguage":"en-US","@id":"https:\/\/ornandum.lv\/en\/#\/schema\/logo\/image\/","url":"https:\/\/ornandum.lv\/wp-content\/uploads\/2019\/11\/cropped-Header_logo.png","contentUrl":"https:\/\/ornandum.lv\/wp-content\/uploads\/2019\/11\/cropped-Header_logo.png","width":221,"height":70,"caption":"Dekolserviss Ltd"},"image":{"@id":"https:\/\/ornandum.lv\/en\/#\/schema\/logo\/image\/"},"sameAs":["https:\/\/www.facebook.com\/traukuapdruka\/","https:\/\/www.instagram.com\/ornandum_tablewareprint\/?hl=en"]}]}},"_links":{"self":[{"href":"https:\/\/ornandum.lv\/en\/wp-json\/wp\/v2\/product\/9226","targetHints":{"allow":["GET"]}}],"collection":[{"href":"https:\/\/ornandum.lv\/en\/wp-json\/wp\/v2\/product"}],"about":[{"href":"https:\/\/ornandum.lv\/en\/wp-json\/wp\/v2\/types\/product"}],"replies":[{"embeddable":true,"href":"https:\/\/ornandum.lv\/en\/wp-json\/wp\/v2\/comments?post=9226"}],"wp:featuredmedia":[{"embeddable":true,"href":"https:\/\/ornandum.lv\/en\/wp-json\/wp\/v2\/media\/9232"}],"wp:attachment":[{"href":"https:\/\/ornandum.lv\/en\/wp-json\/wp\/v2\/media?parent=9226"}],"wp:term":[{"taxonomy":"product_brand","embeddable":true,"href":"https:\/\/ornandum.lv\/en\/wp-json\/wp\/v2\/product_brand?post=9226"},{"taxonomy":"product_cat","embeddable":true,"href":"https:\/\/ornandum.lv\/en\/wp-json\/wp\/v2\/product_cat?post=9226"},{"taxonomy":"product_tag","embeddable":true,"href":"https:\/\/ornandum.lv\/en\/wp-json\/wp\/v2\/product_tag?post=9226"}],"curies":[{"name":"wp","href":"https:\/\/api.w.org\/{rel}","templated":true}]}}